{"id":7532,"date":"2021-09-20T13:11:43","date_gmt":"2021-09-20T11:11:43","guid":{"rendered":"https:\/\/glowhealth.hu\/?post_type=product&#038;p=7532"},"modified":"2026-03-09T14:13:07","modified_gmt":"2026-03-09T12:13:07","slug":"organic-vegan-d3","status":"publish","type":"product","link":"https:\/\/glowhealth.hu\/en\/termek\/organikus-vegan-d3\/","title":{"rendered":"Veg\u00e1n D3"},"content":{"rendered":"<div data-elementor-type=\"product-post\" data-elementor-id=\"7532\" class=\"elementor elementor-7532\" data-elementor-post-type=\"product\">\n\t\t\t\t\t\t<section class=\"elementor-section elementor-top-section elementor-element elementor-element-8ead45e elementor-section-boxed elementor-section-height-default elementor-section-height-default\" data-id=\"8ead45e\" data-element_type=\"section\" data-e-type=\"section\" data-settings=\"{&quot;background_background&quot;:&quot;classic&quot;}\">\n\t\t\t\t\t\t<div class=\"elementor-container elementor-column-gap-default\">\n\t\t\t\t\t<div class=\"elementor-column elementor-col-100 elementor-top-column elementor-element elementor-element-348241c\" data-id=\"348241c\" data-element_type=\"column\" data-e-type=\"column\">\n\t\t\t<div class=\"elementor-widget-wrap elementor-element-populated\">\n\t\t\t\t\t\t<section class=\"elementor-section elementor-inner-section elementor-element elementor-element-ad57aa2 elementor-section-boxed elementor-section-height-default elementor-section-height-default\" data-id=\"ad57aa2\" data-element_type=\"section\" data-e-type=\"section\" data-settings=\"{&quot;background_background&quot;:&quot;classic&quot;}\">\n\t\t\t\t\t\t<div class=\"elementor-container elementor-column-gap-wider\">\n\t\t\t\t\t<div class=\"elementor-column elementor-col-50 elementor-inner-column elementor-element elementor-element-1f79210\" data-id=\"1f79210\" data-element_type=\"column\" data-e-type=\"column\" data-settings=\"{&quot;background_background&quot;:&quot;classic&quot;}\">\n\t\t\t<div class=\"elementor-widget-wrap elementor-element-populated\">\n\t\t\t\t\t\t<div class=\"elementor-element elementor-element-465dcfe elementor-widget elementor-widget-spacer\" data-id=\"465dcfe\" data-element_type=\"widget\" data-e-type=\"widget\" data-widget_type=\"spacer.default\">\n\t\t\t\t<div class=\"elementor-widget-container\">\n\t\t\t\t\t\t\t<div class=\"elementor-spacer\">\n\t\t\t<div class=\"elementor-spacer-inner\"><\/div>\n\t\t<\/div>\n\t\t\t\t\t\t<\/div>\n\t\t\t\t<\/div>\n\t\t\t\t\t<\/div>\n\t\t<\/div>\n\t\t\t\t<div class=\"elementor-column elementor-col-50 elementor-inner-column elementor-element elementor-element-a16339f\" data-id=\"a16339f\" data-element_type=\"column\" data-e-type=\"column\" data-settings=\"{&quot;background_background&quot;:&quot;classic&quot;}\">\n\t\t\t<div class=\"elementor-widget-wrap elementor-element-populated\">\n\t\t\t\t\t\t<div class=\"elementor-element elementor-element-676aaf0 elementor-widget elementor-widget-heading\" data-id=\"676aaf0\" data-element_type=\"widget\" data-e-type=\"widget\" data-widget_type=\"heading.default\">\n\t\t\t\t<div class=\"elementor-widget-container\">\n\t\t\t\t\t<h2 class=\"elementor-heading-title elementor-size-default\">Organic Vegan Vitamin D3<\/h2>\t\t\t\t<\/div>\n\t\t\t\t<\/div>\n\t\t\t\t<div class=\"elementor-element elementor-element-fcf1ca7 elementor-widget elementor-widget-text-editor\" data-id=\"fcf1ca7\" data-element_type=\"widget\" data-e-type=\"widget\" data-widget_type=\"text-editor.default\">\n\t\t\t\t<div class=\"elementor-widget-container\">\n\t\t\t\t\t\t\t\t\t<p>Our skin, when exposed to sunlight, produces a special form of vitamin D, called vitamin D3. Vitamin D3 increases and maintains serum levels of vitamin D in the body better than vitamin D2. However, we don\u2019t get enough sunlight all year round, and even if we do, it\u2019s worth taking a clean, high-quality vitamin D3 supplement because of its myriad benefits. Older people, the obese and those with limited access to sunlight are at greater risk of vitamin D deficiency. They may be in particular need of dietary supplements to meet their vitamin D needs.<\/p><p><iframe style=\"display: none;\"><\/iframe><\/p><p><iframe style=\"display: none;\"><\/iframe><\/p><p><iframe style=\"display: none;\"><\/iframe><\/p><p><iframe style=\"display: none;\"><\/iframe><\/p><p><iframe style=\"display: none;\"><\/iframe><\/p><p><iframe style=\"display: none;\"><\/iframe><\/p><p><iframe style=\"display: none;\"><\/iframe><\/p><p><iframe style=\"display: none;\"><\/iframe><\/p><p><iframe style=\"display: none;\"><\/iframe><\/p>\t\t\t\t\t\t\t\t<\/div>\n\t\t\t\t<\/div>\n\t\t\t\t\t<\/div>\n\t\t<\/div>\n\t\t\t\t\t<\/div>\n\t\t<\/section>\n\t\t\t\t\t<\/div>\n\t\t<\/div>\n\t\t\t\t\t<\/div>\n\t\t<\/section>\n\t\t\t\t<section class=\"elementor-section elementor-top-section elementor-element elementor-element-6568b66f elementor-section-full_width elementor-section-height-default elementor-section-height-default\" data-id=\"6568b66f\" data-element_type=\"section\" data-e-type=\"section\">\n\t\t\t\t\t\t<div class=\"elementor-container elementor-column-gap-default\">\n\t\t\t\t\t<div class=\"elementor-column elementor-col-100 elementor-top-column elementor-element elementor-element-6c5a1fd4\" data-id=\"6c5a1fd4\" data-element_type=\"column\" data-e-type=\"column\">\n\t\t\t<div class=\"elementor-widget-wrap elementor-element-populated\">\n\t\t\t\t\t\t<div class=\"elementor-element elementor-element-5068d432 elementor-widget elementor-widget-heading\" data-id=\"5068d432\" data-element_type=\"widget\" data-e-type=\"widget\" data-widget_type=\"heading.default\">\n\t\t\t\t<div class=\"elementor-widget-container\">\n\t\t\t\t\t<h2 class=\"elementor-heading-title elementor-size-default\">Organic Vegan D3\n<\/h2>\t\t\t\t<\/div>\n\t\t\t\t<\/div>\n\t\t\t\t<div class=\"elementor-element elementor-element-74863d82 elementor-widget elementor-widget-heading\" data-id=\"74863d82\" data-element_type=\"widget\" data-e-type=\"widget\" data-widget_type=\"heading.default\">\n\t\t\t\t<div class=\"elementor-widget-container\">\n\t\t\t\t\t<h2 class=\"elementor-heading-title elementor-size-default\">Ingredients<\/h2>\t\t\t\t<\/div>\n\t\t\t\t<\/div>\n\t\t\t\t<section class=\"elementor-section elementor-inner-section elementor-element elementor-element-13ec1589 elementor-section-boxed elementor-section-height-default elementor-section-height-default\" data-id=\"13ec1589\" data-element_type=\"section\" data-e-type=\"section\">\n\t\t\t\t\t\t<div class=\"elementor-container elementor-column-gap-wider\">\n\t\t\t\t\t<div class=\"elementor-column elementor-col-100 elementor-inner-column elementor-element elementor-element-2c0038b5\" data-id=\"2c0038b5\" data-element_type=\"column\" data-e-type=\"column\">\n\t\t\t<div class=\"elementor-widget-wrap elementor-element-populated\">\n\t\t\t\t\t\t<div class=\"elementor-element elementor-element-52fb149b elementor-widget elementor-widget-text-editor\" data-id=\"52fb149b\" data-element_type=\"widget\" data-e-type=\"widget\" data-widget_type=\"text-editor.default\">\n\t\t\t\t<div class=\"elementor-widget-container\">\n\t\t\t\t\t\t\t\t\t<p>\u00a0It does not contain citric acid, fillers, additives, artificial flavors or natural flavors.<\/p><p><iframe style=\"display: none;\"><\/iframe><\/p><p><iframe style=\"display: none;\"><\/iframe><\/p><p><iframe style=\"display: none;\"><\/iframe><\/p><p><iframe style=\"display: none;\"><\/iframe><\/p><p><iframe style=\"display: none;\"><\/iframe><\/p><p><iframe style=\"display: none;\"><\/iframe><\/p><p><iframe style=\"display: none;\"><\/iframe><\/p><p><iframe style=\"display: none;\"><\/iframe><\/p><p><iframe style=\"display: none;\"><\/iframe><\/p><p><iframe style=\"display: none;\"><\/iframe><\/p>\t\t\t\t\t\t\t\t<\/div>\n\t\t\t\t<\/div>\n\t\t\t\t\t<\/div>\n\t\t<\/div>\n\t\t\t\t\t<\/div>\n\t\t<\/section>\n\t\t\t\t\t<\/div>\n\t\t<\/div>\n\t\t\t\t\t<\/div>\n\t\t<\/section>\n\t\t\t\t<section class=\"elementor-section elementor-top-section elementor-element elementor-element-5de35e3 elementor-section-boxed elementor-section-height-default elementor-section-height-default\" data-id=\"5de35e3\" data-element_type=\"section\" data-e-type=\"section\">\n\t\t\t\t\t\t<div class=\"elementor-container elementor-column-gap-default\">\n\t\t\t\t\t<div class=\"elementor-column elementor-col-100 elementor-top-column elementor-element elementor-element-2e7d615\" data-id=\"2e7d615\" data-element_type=\"column\" data-e-type=\"column\">\n\t\t\t<div class=\"elementor-widget-wrap elementor-element-populated\">\n\t\t\t\t\t\t<section class=\"elementor-section elementor-inner-section elementor-element elementor-element-aa9ffdb elementor-section-full_width elementor-section-height-default elementor-section-height-default\" data-id=\"aa9ffdb\" data-element_type=\"section\" data-e-type=\"section\">\n\t\t\t\t\t\t<div class=\"elementor-container elementor-column-gap-default\">\n\t\t\t\t\t<div class=\"elementor-column elementor-col-16 elementor-inner-column elementor-element elementor-element-6cc49bd\" data-id=\"6cc49bd\" data-element_type=\"column\" data-e-type=\"column\">\n\t\t\t<div class=\"elementor-widget-wrap elementor-element-populated\">\n\t\t\t\t\t\t<div class=\"elementor-element elementor-element-74d33d6 elementor-widget elementor-widget-image\" data-id=\"74d33d6\" data-element_type=\"widget\" data-e-type=\"widget\" data-widget_type=\"image.default\">\n\t\t\t\t<div class=\"elementor-widget-container\">\n\t\t\t\t\t\t\t\t\t\t\t\t\t\t\t<img decoding=\"async\" width=\"150\" height=\"150\" src=\"https:\/\/glowhealth.hu\/wp-content\/uploads\/2021\/01\/Ikon-Organic.png\" class=\"attachment-thumbnail size-thumbnail wp-image-4356\" alt=\"\" srcset=\"https:\/\/glowhealth.hu\/wp-content\/uploads\/2021\/01\/Ikon-Organic.png 602w, https:\/\/glowhealth.hu\/wp-content\/uploads\/2021\/01\/Ikon-Organic-300x299.png 300w, https:\/\/glowhealth.hu\/wp-content\/uploads\/2021\/01\/Ikon-Organic-100x100.png 100w, https:\/\/glowhealth.hu\/wp-content\/uploads\/2021\/01\/Ikon-Organic-600x598.png 600w\" sizes=\"(max-width: 150px) 100vw, 150px\" \/>\t\t\t\t\t\t\t\t\t\t\t\t\t\t\t<\/div>\n\t\t\t\t<\/div>\n\t\t\t\t<div class=\"elementor-element elementor-element-467bd8b elementor-widget elementor-widget-text-editor\" data-id=\"467bd8b\" data-element_type=\"widget\" data-e-type=\"widget\" data-widget_type=\"text-editor.default\">\n\t\t\t\t<div class=\"elementor-widget-container\">\n\t\t\t\t\t\t\t\t\t<p>Grown in the USA<\/p><p><iframe style=\"display: none;\"><\/iframe><\/p><p><iframe style=\"display: none;\"><\/iframe><\/p>\t\t\t\t\t\t\t\t<\/div>\n\t\t\t\t<\/div>\n\t\t\t\t\t<\/div>\n\t\t<\/div>\n\t\t\t\t<div class=\"elementor-column elementor-col-16 elementor-inner-column elementor-element elementor-element-65306aa\" data-id=\"65306aa\" data-element_type=\"column\" data-e-type=\"column\">\n\t\t\t<div class=\"elementor-widget-wrap elementor-element-populated\">\n\t\t\t\t\t\t<div class=\"elementor-element elementor-element-a6bc610 elementor-widget elementor-widget-image\" data-id=\"a6bc610\" data-element_type=\"widget\" data-e-type=\"widget\" data-widget_type=\"image.default\">\n\t\t\t\t<div class=\"elementor-widget-container\">\n\t\t\t\t\t\t\t\t\t\t\t\t\t\t\t<img decoding=\"async\" width=\"150\" height=\"150\" src=\"https:\/\/glowhealth.hu\/wp-content\/uploads\/2021\/01\/Ikon-Kosher-U.png\" class=\"attachment-thumbnail size-thumbnail wp-image-4354\" alt=\"\" srcset=\"https:\/\/glowhealth.hu\/wp-content\/uploads\/2021\/01\/Ikon-Kosher-U.png 600w, https:\/\/glowhealth.hu\/wp-content\/uploads\/2021\/01\/Ikon-Kosher-U-300x300.png 300w, https:\/\/glowhealth.hu\/wp-content\/uploads\/2021\/01\/Ikon-Kosher-U-100x100.png 100w\" sizes=\"(max-width: 150px) 100vw, 150px\" \/>\t\t\t\t\t\t\t\t\t\t\t\t\t\t\t<\/div>\n\t\t\t\t<\/div>\n\t\t\t\t<div class=\"elementor-element elementor-element-d5c3202 elementor-widget elementor-widget-text-editor\" data-id=\"d5c3202\" data-element_type=\"widget\" data-e-type=\"widget\" data-widget_type=\"text-editor.default\">\n\t\t\t\t<div class=\"elementor-widget-container\">\n\t\t\t\t\t\t\t\t\t<p>Kosher<\/p><p><iframe style=\"display: none;\"><\/iframe><\/p><p><iframe style=\"display: none;\"><\/iframe><\/p><p><iframe style=\"display: none;\"><\/iframe><\/p><p><iframe style=\"display: none;\"><\/iframe><\/p>\t\t\t\t\t\t\t\t<\/div>\n\t\t\t\t<\/div>\n\t\t\t\t\t<\/div>\n\t\t<\/div>\n\t\t\t\t<div class=\"elementor-column elementor-col-16 elementor-inner-column elementor-element elementor-element-f1797f0\" data-id=\"f1797f0\" data-element_type=\"column\" data-e-type=\"column\">\n\t\t\t<div class=\"elementor-widget-wrap elementor-element-populated\">\n\t\t\t\t\t\t<div class=\"elementor-element elementor-element-aa767d1 elementor-widget elementor-widget-image\" data-id=\"aa767d1\" data-element_type=\"widget\" data-e-type=\"widget\" data-widget_type=\"image.default\">\n\t\t\t\t<div class=\"elementor-widget-container\">\n\t\t\t\t\t\t\t\t\t\t\t\t\t\t\t<img decoding=\"async\" width=\"150\" height=\"150\" src=\"https:\/\/glowhealth.hu\/wp-content\/uploads\/2021\/01\/Ikon-Vegan.png\" class=\"attachment-thumbnail size-thumbnail wp-image-4110\" alt=\"\" srcset=\"https:\/\/glowhealth.hu\/wp-content\/uploads\/2021\/01\/Ikon-Vegan.png 600w, https:\/\/glowhealth.hu\/wp-content\/uploads\/2021\/01\/Ikon-Vegan-300x300.png 300w, https:\/\/glowhealth.hu\/wp-content\/uploads\/2021\/01\/Ikon-Vegan-100x100.png 100w\" sizes=\"(max-width: 150px) 100vw, 150px\" \/>\t\t\t\t\t\t\t\t\t\t\t\t\t\t\t<\/div>\n\t\t\t\t<\/div>\n\t\t\t\t<div class=\"elementor-element elementor-element-3dbd3ac elementor-widget elementor-widget-text-editor\" data-id=\"3dbd3ac\" data-element_type=\"widget\" data-e-type=\"widget\" data-widget_type=\"text-editor.default\">\n\t\t\t\t<div class=\"elementor-widget-container\">\n\t\t\t\t\t\t\t\t\t<p>Vegan<\/p><p><iframe style=\"display: none;\"><\/iframe><\/p><p><iframe style=\"display: none;\"><\/iframe><\/p>\t\t\t\t\t\t\t\t<\/div>\n\t\t\t\t<\/div>\n\t\t\t\t\t<\/div>\n\t\t<\/div>\n\t\t\t\t<div class=\"elementor-column elementor-col-16 elementor-inner-column elementor-element elementor-element-f270c0c\" data-id=\"f270c0c\" data-element_type=\"column\" data-e-type=\"column\">\n\t\t\t<div class=\"elementor-widget-wrap elementor-element-populated\">\n\t\t\t\t\t\t<div class=\"elementor-element elementor-element-613bab5 elementor-widget elementor-widget-image\" data-id=\"613bab5\" data-element_type=\"widget\" data-e-type=\"widget\" data-widget_type=\"image.default\">\n\t\t\t\t<div class=\"elementor-widget-container\">\n\t\t\t\t\t\t\t\t\t\t\t\t\t\t\t<img loading=\"lazy\" decoding=\"async\" width=\"135\" height=\"135\" src=\"https:\/\/glowhealth.hu\/wp-content\/uploads\/2021\/01\/Ikon-Gluten-free.svg\" class=\"attachment-thumbnail size-thumbnail wp-image-4095\" alt=\"\" \/>\t\t\t\t\t\t\t\t\t\t\t\t\t\t\t<\/div>\n\t\t\t\t<\/div>\n\t\t\t\t<div class=\"elementor-element elementor-element-63d167e elementor-widget elementor-widget-text-editor\" data-id=\"63d167e\" data-element_type=\"widget\" data-e-type=\"widget\" data-widget_type=\"text-editor.default\">\n\t\t\t\t<div class=\"elementor-widget-container\">\n\t\t\t\t\t\t\t\t\t<p>Non-GMO, Gluten-Free<\/p><p><iframe style=\"display: none;\"><\/iframe><\/p><p><iframe style=\"display: none;\"><\/iframe><\/p><p><iframe style=\"display: none;\"><\/iframe><\/p><p><iframe style=\"display: none;\"><\/iframe><\/p>\t\t\t\t\t\t\t\t<\/div>\n\t\t\t\t<\/div>\n\t\t\t\t\t<\/div>\n\t\t<\/div>\n\t\t\t\t<div class=\"elementor-column elementor-col-16 elementor-inner-column elementor-element elementor-element-18f8a63\" data-id=\"18f8a63\" data-element_type=\"column\" data-e-type=\"column\">\n\t\t\t<div class=\"elementor-widget-wrap elementor-element-populated\">\n\t\t\t\t\t\t<div class=\"elementor-element elementor-element-d606575 elementor-widget elementor-widget-image\" data-id=\"d606575\" data-element_type=\"widget\" data-e-type=\"widget\" data-widget_type=\"image.default\">\n\t\t\t\t<div class=\"elementor-widget-container\">\n\t\t\t\t\t\t\t\t\t\t\t\t\t\t\t<img loading=\"lazy\" decoding=\"async\" width=\"150\" height=\"150\" src=\"https:\/\/glowhealth.hu\/wp-content\/uploads\/2021\/01\/Ikon-Pure.png\" class=\"attachment-thumbnail size-thumbnail wp-image-4350\" alt=\"\" srcset=\"https:\/\/glowhealth.hu\/wp-content\/uploads\/2021\/01\/Ikon-Pure.png 602w, https:\/\/glowhealth.hu\/wp-content\/uploads\/2021\/01\/Ikon-Pure-300x299.png 300w, https:\/\/glowhealth.hu\/wp-content\/uploads\/2021\/01\/Ikon-Pure-100x100.png 100w, https:\/\/glowhealth.hu\/wp-content\/uploads\/2021\/01\/Ikon-Pure-600x598.png 600w\" sizes=\"(max-width: 150px) 100vw, 150px\" \/>\t\t\t\t\t\t\t\t\t\t\t\t\t\t\t<\/div>\n\t\t\t\t<\/div>\n\t\t\t\t<div class=\"elementor-element elementor-element-4353d51 elementor-widget elementor-widget-text-editor\" data-id=\"4353d51\" data-element_type=\"widget\" data-e-type=\"widget\" data-widget_type=\"text-editor.default\">\n\t\t\t\t<div class=\"elementor-widget-container\">\n\t\t\t\t\t\t\t\t\t<p>Alcohol and corn free<\/p><p><iframe style=\"display: none;\"><\/iframe><\/p><p><iframe style=\"display: none;\"><\/iframe><\/p><p><iframe style=\"display: none;\"><\/iframe><\/p>\t\t\t\t\t\t\t\t<\/div>\n\t\t\t\t<\/div>\n\t\t\t\t\t<\/div>\n\t\t<\/div>\n\t\t\t\t<div class=\"elementor-column elementor-col-16 elementor-inner-column elementor-element elementor-element-cee3a4b\" data-id=\"cee3a4b\" data-element_type=\"column\" data-e-type=\"column\">\n\t\t\t<div class=\"elementor-widget-wrap elementor-element-populated\">\n\t\t\t\t\t\t<div class=\"elementor-element elementor-element-2e77fd4 elementor-widget elementor-widget-image\" data-id=\"2e77fd4\" data-element_type=\"widget\" data-e-type=\"widget\" data-widget_type=\"image.default\">\n\t\t\t\t<div class=\"elementor-widget-container\">\n\t\t\t\t\t\t\t\t\t\t\t\t\t\t\t<img loading=\"lazy\" decoding=\"async\" width=\"136\" height=\"135\" src=\"https:\/\/glowhealth.hu\/wp-content\/uploads\/2021\/01\/Ikon-Paleo-friendly.svg\" class=\"attachment-thumbnail size-thumbnail wp-image-4097\" alt=\"\" \/>\t\t\t\t\t\t\t\t\t\t\t\t\t\t\t<\/div>\n\t\t\t\t<\/div>\n\t\t\t\t<div class=\"elementor-element elementor-element-e7351c0 elementor-widget elementor-widget-text-editor\" data-id=\"e7351c0\" data-element_type=\"widget\" data-e-type=\"widget\" data-widget_type=\"text-editor.default\">\n\t\t\t\t<div class=\"elementor-widget-container\">\n\t\t\t\t\t\t\t\t\t<p>Paleo<\/p><p><iframe style=\"display: none;\"><\/iframe><\/p><p><iframe style=\"display: none;\"><\/iframe><\/p><p><iframe style=\"display: none;\"><\/iframe><\/p>\t\t\t\t\t\t\t\t<\/div>\n\t\t\t\t<\/div>\n\t\t\t\t\t<\/div>\n\t\t<\/div>\n\t\t\t\t\t<\/div>\n\t\t<\/section>\n\t\t\t\t\t<\/div>\n\t\t<\/div>\n\t\t\t\t\t<\/div>\n\t\t<\/section>\n\t\t\t\t<section class=\"elementor-section elementor-top-section elementor-element elementor-element-bdf2a14 elementor-section-boxed elementor-section-height-default elementor-section-height-default\" data-id=\"bdf2a14\" data-element_type=\"section\" data-e-type=\"section\" data-settings=\"{&quot;background_background&quot;:&quot;classic&quot;}\">\n\t\t\t\t\t\t<div class=\"elementor-container elementor-column-gap-default\">\n\t\t\t\t\t<div class=\"elementor-column elementor-col-100 elementor-top-column elementor-element elementor-element-b86838a\" data-id=\"b86838a\" data-element_type=\"column\" data-e-type=\"column\">\n\t\t\t<div class=\"elementor-widget-wrap elementor-element-populated\">\n\t\t\t\t\t\t<div class=\"elementor-element elementor-element-c40e9d8 elementor-widget elementor-widget-heading\" data-id=\"c40e9d8\" data-element_type=\"widget\" data-e-type=\"widget\" data-widget_type=\"heading.default\">\n\t\t\t\t<div class=\"elementor-widget-container\">\n\t\t\t\t\t<h2 class=\"elementor-heading-title elementor-size-default\">Directions for use<\/h2>\t\t\t\t<\/div>\n\t\t\t\t<\/div>\n\t\t\t\t<section class=\"elementor-section elementor-inner-section elementor-element elementor-element-c969396 elementor-section-content-middle elementor-reverse-tablet elementor-reverse-mobile elementor-section-boxed elementor-section-height-default elementor-section-height-default\" data-id=\"c969396\" data-element_type=\"section\" data-e-type=\"section\">\n\t\t\t\t\t\t<div class=\"elementor-container elementor-column-gap-default\">\n\t\t\t\t\t<div class=\"elementor-column elementor-col-50 elementor-inner-column elementor-element elementor-element-deab7ba\" data-id=\"deab7ba\" data-element_type=\"column\" data-e-type=\"column\">\n\t\t\t<div class=\"elementor-widget-wrap elementor-element-populated\">\n\t\t\t\t\t\t<div class=\"elementor-element elementor-element-5ac7db1 elementor-widget elementor-widget-image\" data-id=\"5ac7db1\" data-element_type=\"widget\" data-e-type=\"widget\" data-widget_type=\"image.default\">\n\t\t\t\t<div class=\"elementor-widget-container\">\n\t\t\t\t\t\t\t\t\t\t\t\t\t\t\t<img loading=\"lazy\" decoding=\"async\" width=\"800\" height=\"800\" src=\"https:\/\/glowhealth.hu\/wp-content\/uploads\/2021\/09\/Vegan-D3-USDA.jpg.webp\" class=\"attachment-large size-large wp-image-14390\" alt=\"\" srcset=\"https:\/\/glowhealth.hu\/wp-content\/uploads\/2021\/09\/Vegan-D3-USDA.jpg.webp 800w, https:\/\/glowhealth.hu\/wp-content\/uploads\/2021\/09\/Vegan-D3-USDA.jpg-300x300.webp 300w, https:\/\/glowhealth.hu\/wp-content\/uploads\/2021\/09\/Vegan-D3-USDA.jpg-150x150.webp 150w, https:\/\/glowhealth.hu\/wp-content\/uploads\/2021\/09\/Vegan-D3-USDA.jpg-768x768.webp 768w, https:\/\/glowhealth.hu\/wp-content\/uploads\/2021\/09\/Vegan-D3-USDA.jpg-12x12.webp 12w, https:\/\/glowhealth.hu\/wp-content\/uploads\/2021\/09\/Vegan-D3-USDA.jpg-600x600.webp 600w, https:\/\/glowhealth.hu\/wp-content\/uploads\/2021\/09\/Vegan-D3-USDA.jpg-100x100.webp 100w\" sizes=\"(max-width: 800px) 100vw, 800px\" \/>\t\t\t\t\t\t\t\t\t\t\t\t\t\t\t<\/div>\n\t\t\t\t<\/div>\n\t\t\t\t\t<\/div>\n\t\t<\/div>\n\t\t\t\t<div class=\"elementor-column elementor-col-50 elementor-inner-column elementor-element elementor-element-d6d6991\" data-id=\"d6d6991\" data-element_type=\"column\" data-e-type=\"column\">\n\t\t\t<div class=\"elementor-widget-wrap elementor-element-populated\">\n\t\t\t\t\t\t<div class=\"elementor-element elementor-element-b02777c elementor-position-inline-start elementor-view-default elementor-mobile-position-block-start elementor-widget elementor-widget-icon-box\" data-id=\"b02777c\" data-element_type=\"widget\" data-e-type=\"widget\" data-widget_type=\"icon-box.default\">\n\t\t\t\t<div class=\"elementor-widget-container\">\n\t\t\t\t\t\t\t<div class=\"elementor-icon-box-wrapper\">\n\n\t\t\t\t\t\t<div class=\"elementor-icon-box-icon\">\n\t\t\t\t<span  class=\"elementor-icon\">\n\t\t\t\t<i aria-hidden=\"true\" class=\"fab fa-envira\"><\/i>\t\t\t\t<\/span>\n\t\t\t<\/div>\n\t\t\t\n\t\t\t\t\t\t<div class=\"elementor-icon-box-content\">\n\n\t\t\t\t\t\t\t\t\t<h3 class=\"elementor-icon-box-title\">\n\t\t\t\t\t\t<span  >\n\t\t\t\t\t\t\tServing\t\t\t\t\t\t<\/span>\n\t\t\t\t\t<\/h3>\n\t\t\t\t\n\t\t\t\t\t\t\t\t\t<p class=\"elementor-icon-box-description\">\n\t\t\t\t\t\t1 f\u00faj\u00e1s, 1-2 alkalommal naponta.<br>Alkalmazhat\u00f3 k\u00f6zvetlen\u00fcl sz\u00e1jon \u00e1t vagy egy poh\u00e1r v\u00edzhez, gy\u00fcm\u00f6lcsl\u00e9hez vagy turmixhoz hozz\u00e1adva\t\t\t\t\t<\/p>\n\t\t\t\t\n\t\t\t<\/div>\n\t\t\t\n\t\t<\/div>\n\t\t\t\t\t\t<\/div>\n\t\t\t\t<\/div>\n\t\t\t\t<div class=\"elementor-element elementor-element-c326994 elementor-position-inline-start elementor-view-default elementor-mobile-position-block-start elementor-widget elementor-widget-icon-box\" data-id=\"c326994\" data-element_type=\"widget\" data-e-type=\"widget\" data-widget_type=\"icon-box.default\">\n\t\t\t\t<div class=\"elementor-widget-container\">\n\t\t\t\t\t\t\t<div class=\"elementor-icon-box-wrapper\">\n\n\t\t\t\t\t\t<div class=\"elementor-icon-box-icon\">\n\t\t\t\t<span  class=\"elementor-icon\">\n\t\t\t\t<i aria-hidden=\"true\" class=\"fab fa-envira\"><\/i>\t\t\t\t<\/span>\n\t\t\t<\/div>\n\t\t\t\n\t\t\t\t\t\t<div class=\"elementor-icon-box-content\">\n\n\t\t\t\t\t\t\t\t\t<h3 class=\"elementor-icon-box-title\">\n\t\t\t\t\t\t<span  >\n\t\t\t\t\t\t\tStorage\t\t\t\t\t\t<\/span>\n\t\t\t\t\t<\/h3>\n\t\t\t\t\n\t\t\t\t\t\t\t\t\t<p class=\"elementor-icon-box-description\">\n\t\t\t\t\t\tStore in a cool, dark place.\t\t\t\t\t<\/p>\n\t\t\t\t\n\t\t\t<\/div>\n\t\t\t\n\t\t<\/div>\n\t\t\t\t\t\t<\/div>\n\t\t\t\t<\/div>\n\t\t\t\t<div class=\"elementor-element elementor-element-867bd3e elementor-position-inline-start elementor-view-default elementor-mobile-position-block-start elementor-widget elementor-widget-icon-box\" data-id=\"867bd3e\" data-element_type=\"widget\" data-e-type=\"widget\" data-widget_type=\"icon-box.default\">\n\t\t\t\t<div class=\"elementor-widget-container\">\n\t\t\t\t\t\t\t<div class=\"elementor-icon-box-wrapper\">\n\n\t\t\t\t\t\t<div class=\"elementor-icon-box-icon\">\n\t\t\t\t<span  class=\"elementor-icon\">\n\t\t\t\t<i aria-hidden=\"true\" class=\"fab fa-envira\"><\/i>\t\t\t\t<\/span>\n\t\t\t<\/div>\n\t\t\t\n\t\t\t\t\t\t<div class=\"elementor-icon-box-content\">\n\n\t\t\t\t\t\t\t\t\t<h3 class=\"elementor-icon-box-title\">\n\t\t\t\t\t\t<span  >\n\t\t\t\t\t\t\tContraindications\t\t\t\t\t\t<\/span>\n\t\t\t\t\t<\/h3>\n\t\t\t\t\n\t\t\t\t\t\t\t\t\t<p class=\"elementor-icon-box-description\">\n\t\t\t\t\t\tIf you are pregnant \/ breastfeeding or taking any medicine, ask your doctor or pharmacist before taking this product. If you experience any side effects after using the product, be sure to consult a doctor and stop taking the product immediately.\n\n\t\t\t\t\t<\/p>\n\t\t\t\t\n\t\t\t<\/div>\n\t\t\t\n\t\t<\/div>\n\t\t\t\t\t\t<\/div>\n\t\t\t\t<\/div>\n\t\t\t\t\t<\/div>\n\t\t<\/div>\n\t\t\t\t\t<\/div>\n\t\t<\/section>\n\t\t\t\t\t<\/div>\n\t\t<\/div>\n\t\t\t\t\t<\/div>\n\t\t<\/section>\n\t\t\t\t<\/div>","protected":false},"excerpt":{"rendered":"<p>Vitamin D3 supports a healthy immune system as well as the development and maintenance of healthy bones. Not all vitamin D3 products are just as good. Vimergy Vegan D3 is derived from 100% plant-derived, colecalciferol-rich lichen extract (while many vitamin D3 diet supplements are of animal origin).<\/p>","protected":false},"featured_media":14390,"template":"","meta":{"_acf_changed":false},"product_brand":[],"product_cat":[16,20],"product_tag":[],"class_list":{"0":"post-7532","1":"product","2":"type-product","3":"status-publish","4":"has-post-thumbnail","6":"product_cat-vimergy","7":"product_cat-cseppek","9":"first","10":"instock","11":"sale","12":"taxable","13":"shipping-taxable","14":"purchasable","15":"product-type-simple"},"acf":[],"_links":{"self":[{"href":"https:\/\/glowhealth.hu\/en\/wp-json\/wp\/v2\/product\/7532","targetHints":{"allow":["GET"]}}],"collection":[{"href":"https:\/\/glowhealth.hu\/en\/wp-json\/wp\/v2\/product"}],"about":[{"href":"https:\/\/glowhealth.hu\/en\/wp-json\/wp\/v2\/types\/product"}],"version-history":[{"count":0,"href":"https:\/\/glowhealth.hu\/en\/wp-json\/wp\/v2\/product\/7532\/revisions"}],"wp:featuredmedia":[{"embeddable":true,"href":"https:\/\/glowhealth.hu\/en\/wp-json\/wp\/v2\/media\/14390"}],"wp:attachment":[{"href":"https:\/\/glowhealth.hu\/en\/wp-json\/wp\/v2\/media?parent=7532"}],"wp:term":[{"taxonomy":"product_brand","embeddable":true,"href":"https:\/\/glowhealth.hu\/en\/wp-json\/wp\/v2\/product_brand?post=7532"},{"taxonomy":"product_cat","embeddable":true,"href":"https:\/\/glowhealth.hu\/en\/wp-json\/wp\/v2\/product_cat?post=7532"},{"taxonomy":"product_tag","embeddable":true,"href":"https:\/\/glowhealth.hu\/en\/wp-json\/wp\/v2\/product_tag?post=7532"}],"curies":[{"name":"wp","href":"https:\/\/api.w.org\/{rel}","templated":true}]}}