{"id":10316,"date":"2022-11-23T11:16:45","date_gmt":"2022-11-23T09:16:45","guid":{"rendered":"https:\/\/glowhealth.hu\/?post_type=product&#038;p=10316"},"modified":"2026-02-27T21:50:18","modified_gmt":"2026-02-27T19:50:18","slug":"adapto-b-complex-3","status":"publish","type":"product","link":"https:\/\/glowhealth.hu\/en\/termek\/msm-szilicium-kalcium\/","title":{"rendered":"MSM Szil\u00edciummal \u00e9s K\u00e1lciummal Kapszula"},"content":{"rendered":"<div data-elementor-type=\"product-post\" data-elementor-id=\"10316\" class=\"elementor elementor-10316\" data-elementor-post-type=\"product\">\n\t\t\t\t\t\t<section class=\"elementor-section elementor-top-section elementor-element elementor-element-fa9ea26 elementor-section-boxed elementor-section-height-default elementor-section-height-default\" data-id=\"fa9ea26\" data-element_type=\"section\" data-e-type=\"section\" data-settings=\"{&quot;background_background&quot;:&quot;classic&quot;}\">\n\t\t\t\t\t\t<div class=\"elementor-container elementor-column-gap-default\">\n\t\t\t\t\t<div class=\"elementor-column elementor-col-100 elementor-top-column elementor-element elementor-element-73ff210\" data-id=\"73ff210\" data-element_type=\"column\" data-e-type=\"column\">\n\t\t\t<div class=\"elementor-widget-wrap elementor-element-populated\">\n\t\t\t\t\t\t<section class=\"elementor-section elementor-inner-section elementor-element elementor-element-a7880e5 elementor-section-boxed elementor-section-height-default elementor-section-height-default\" data-id=\"a7880e5\" data-element_type=\"section\" data-e-type=\"section\" data-settings=\"{&quot;background_background&quot;:&quot;classic&quot;}\">\n\t\t\t\t\t\t<div class=\"elementor-container elementor-column-gap-wider\">\n\t\t\t\t\t<div class=\"elementor-column elementor-col-50 elementor-inner-column elementor-element elementor-element-e2e5626\" data-id=\"e2e5626\" data-element_type=\"column\" data-e-type=\"column\" data-settings=\"{&quot;background_background&quot;:&quot;classic&quot;}\">\n\t\t\t<div class=\"elementor-widget-wrap elementor-element-populated\">\n\t\t\t\t\t\t<div class=\"elementor-element elementor-element-b9d8e3f elementor-widget elementor-widget-spacer\" data-id=\"b9d8e3f\" data-element_type=\"widget\" data-e-type=\"widget\" data-widget_type=\"spacer.default\">\n\t\t\t\t<div class=\"elementor-widget-container\">\n\t\t\t\t\t\t\t<div class=\"elementor-spacer\">\n\t\t\t<div class=\"elementor-spacer-inner\"><\/div>\n\t\t<\/div>\n\t\t\t\t\t\t<\/div>\n\t\t\t\t<\/div>\n\t\t\t\t\t<\/div>\n\t\t<\/div>\n\t\t\t\t<div class=\"elementor-column elementor-col-50 elementor-inner-column elementor-element elementor-element-dc24f30\" data-id=\"dc24f30\" data-element_type=\"column\" data-e-type=\"column\" data-settings=\"{&quot;background_background&quot;:&quot;classic&quot;}\">\n\t\t\t<div class=\"elementor-widget-wrap elementor-element-populated\">\n\t\t\t\t\t\t<div class=\"elementor-element elementor-element-b4a881a elementor-widget elementor-widget-heading\" data-id=\"b4a881a\" data-element_type=\"widget\" data-e-type=\"widget\" data-widget_type=\"heading.default\">\n\t\t\t\t<div class=\"elementor-widget-container\">\n\t\t\t\t\t<h2 class=\"elementor-heading-title elementor-size-default\">MSM Szil\u00edciummal \u00e9s K\u00e1lciummal<\/h2>\t\t\t\t<\/div>\n\t\t\t\t<\/div>\n\t\t\t\t<div class=\"elementor-element elementor-element-b8225ba elementor-widget elementor-widget-text-editor\" data-id=\"b8225ba\" data-element_type=\"widget\" data-e-type=\"widget\" data-widget_type=\"text-editor.default\">\n\t\t\t\t<div class=\"elementor-widget-container\">\n\t\t\t\t\t\t\t\t\t<p>A Vimergy MSM szil\u00edcium-dioxiddal \u00e9s k\u00e1lciummal OptiMSM\u00ae-et haszn\u00e1l az MSM tisztas\u00e1g\u00e1nak \u00e9s min\u0151s\u00e9g\u00e9nek biztos\u00edt\u00e1sa \u00e9rdek\u00e9ben. Az OptiMSM az egyetlen szabadalmaztatott t\u00f6bbl\u00e9pcs\u0151s desztill\u00e1ci\u00f3s elj\u00e1r\u00e1ssal tiszt\u00edtott MSM. Az elj\u00e1r\u00e1s sor\u00e1n elt\u00e1vol\u00edtj\u00e1k a szennyez\u0151d\u00e9seket, \u00e9s ez az MSM konzisztens, rendk\u00edv\u00fcl tiszta form\u00e1j\u00e1t eredm\u00e9nyezi. Ez biztos\u00edtja, hogy a formula semmilyen k\u00e1ros \u00f6sszetev\u0151t nem tartalmaz.<\/p>\t\t\t\t\t\t\t\t<\/div>\n\t\t\t\t<\/div>\n\t\t\t\t\t<\/div>\n\t\t<\/div>\n\t\t\t\t\t<\/div>\n\t\t<\/section>\n\t\t\t\t\t<\/div>\n\t\t<\/div>\n\t\t\t\t\t<\/div>\n\t\t<\/section>\n\t\t\t\t<section class=\"elementor-section elementor-top-section elementor-element elementor-element-5b71ee6 elementor-section-full_width elementor-section-height-default elementor-section-height-default\" data-id=\"5b71ee6\" data-element_type=\"section\" data-e-type=\"section\">\n\t\t\t\t\t\t<div class=\"elementor-container elementor-column-gap-default\">\n\t\t\t\t\t<div class=\"elementor-column elementor-col-100 elementor-top-column elementor-element elementor-element-2e7d4e4\" data-id=\"2e7d4e4\" data-element_type=\"column\" data-e-type=\"column\">\n\t\t\t<div class=\"elementor-widget-wrap elementor-element-populated\">\n\t\t\t\t\t\t<div class=\"elementor-element elementor-element-c432476 elementor-widget elementor-widget-heading\" data-id=\"c432476\" data-element_type=\"widget\" data-e-type=\"widget\" data-widget_type=\"heading.default\">\n\t\t\t\t<div class=\"elementor-widget-container\">\n\t\t\t\t\t<h2 class=\"elementor-heading-title elementor-size-default\">MSM Szil\u00edciummal \u00e9s K\u00e1lciummal<\/h2>\t\t\t\t<\/div>\n\t\t\t\t<\/div>\n\t\t\t\t<div class=\"elementor-element elementor-element-ccdc844 elementor-widget elementor-widget-heading\" data-id=\"ccdc844\" data-element_type=\"widget\" data-e-type=\"widget\" data-widget_type=\"heading.default\">\n\t\t\t\t<div class=\"elementor-widget-container\">\n\t\t\t\t\t<h2 class=\"elementor-heading-title elementor-size-default\">Ingredients<\/h2>\t\t\t\t<\/div>\n\t\t\t\t<\/div>\n\t\t\t\t<section class=\"elementor-section elementor-inner-section elementor-element elementor-element-44a0a89 elementor-section-boxed elementor-section-height-default elementor-section-height-default\" data-id=\"44a0a89\" data-element_type=\"section\" data-e-type=\"section\">\n\t\t\t\t\t\t<div class=\"elementor-container elementor-column-gap-wider\">\n\t\t\t\t\t<div class=\"elementor-column elementor-col-100 elementor-inner-column elementor-element elementor-element-eecc54c\" data-id=\"eecc54c\" data-element_type=\"column\" data-e-type=\"column\">\n\t\t\t<div class=\"elementor-widget-wrap elementor-element-populated\">\n\t\t\t\t\t\t<div class=\"elementor-element elementor-element-abfe660 elementor-widget elementor-widget-text-editor\" data-id=\"abfe660\" data-element_type=\"widget\" data-e-type=\"widget\" data-widget_type=\"text-editor.default\">\n\t\t\t\t<div class=\"elementor-widget-container\">\n\t\t\t\t\t\t\t\t\t<p>Nem tartalmaz citromsavat, zselatint \u00e9s adal\u00e9kanyagokat<\/p>\t\t\t\t\t\t\t\t<\/div>\n\t\t\t\t<\/div>\n\t\t\t\t\t<\/div>\n\t\t<\/div>\n\t\t\t\t\t<\/div>\n\t\t<\/section>\n\t\t\t\t\t<\/div>\n\t\t<\/div>\n\t\t\t\t\t<\/div>\n\t\t<\/section>\n\t\t\t\t<section class=\"elementor-section elementor-top-section elementor-element elementor-element-1a5fbb5 elementor-section-boxed elementor-section-height-default elementor-section-height-default\" data-id=\"1a5fbb5\" data-element_type=\"section\" data-e-type=\"section\">\n\t\t\t\t\t\t<div class=\"elementor-container elementor-column-gap-default\">\n\t\t\t\t\t<div class=\"elementor-column elementor-col-50 elementor-top-column elementor-element elementor-element-18c3988\" data-id=\"18c3988\" data-element_type=\"column\" data-e-type=\"column\">\n\t\t\t<div class=\"elementor-widget-wrap elementor-element-populated\">\n\t\t\t\t\t\t<div class=\"elementor-element elementor-element-718d958 elementor-widget elementor-widget-text-editor\" data-id=\"718d958\" data-element_type=\"widget\" data-e-type=\"widget\" data-widget_type=\"text-editor.default\">\n\t\t\t\t<div class=\"elementor-widget-container\">\n\t\t\t\t\t\t\t\t\t<p><strong>A Vimergy MSM Szil\u00edciummal \u00e9s K\u00e1lciummal \u00e9trend-kieg\u00e9sz\u00edt\u0151je egy adagban a k\u00f6vetkez\u0151ket tartalmazza:<\/strong><\/p><ul><li>780mg OptiMSM<\/li><li>25mg K\u00e1lcium<\/li><li>25mg Szil\u00edcium-dioxiddal<\/li><\/ul><p><iframe style=\"display: none;\"><\/iframe><\/p><p><iframe style=\"display: none;\"><\/iframe><\/p><p><iframe style=\"display: none;\"><\/iframe><\/p><p><iframe style=\"display: none;\"><\/iframe><\/p><p><iframe style=\"display: none;\"><\/iframe><\/p><p><iframe style=\"display: none;\"><\/iframe><\/p><p><iframe style=\"display: none;\"><\/iframe><\/p><p><iframe style=\"display: none;\"><\/iframe><\/p><p><iframe style=\"display: none;\"><\/iframe><\/p><p><iframe style=\"display: none;\"><\/iframe><\/p><p><iframe style=\"display: none;\"><\/iframe><\/p><p><iframe style=\"display: none;\"><\/iframe><\/p>\t\t\t\t\t\t\t\t<\/div>\n\t\t\t\t<\/div>\n\t\t\t\t\t<\/div>\n\t\t<\/div>\n\t\t\t\t<div class=\"elementor-column elementor-col-50 elementor-top-column elementor-element elementor-element-6b9324d\" data-id=\"6b9324d\" data-element_type=\"column\" data-e-type=\"column\">\n\t\t\t<div class=\"elementor-widget-wrap elementor-element-populated\">\n\t\t\t\t\t\t<section class=\"elementor-section elementor-inner-section elementor-element elementor-element-c8dff40 elementor-section-full_width elementor-section-height-default elementor-section-height-default\" data-id=\"c8dff40\" data-element_type=\"section\" data-e-type=\"section\">\n\t\t\t\t\t\t<div class=\"elementor-container elementor-column-gap-default\">\n\t\t\t\t\t<div class=\"elementor-column elementor-col-50 elementor-inner-column elementor-element elementor-element-028c653\" data-id=\"028c653\" data-element_type=\"column\" data-e-type=\"column\">\n\t\t\t<div class=\"elementor-widget-wrap elementor-element-populated\">\n\t\t\t\t\t\t<div class=\"elementor-element elementor-element-a57561f elementor-widget elementor-widget-image\" data-id=\"a57561f\" data-element_type=\"widget\" data-e-type=\"widget\" data-widget_type=\"image.default\">\n\t\t\t\t<div class=\"elementor-widget-container\">\n\t\t\t\t\t\t\t\t\t\t\t\t\t\t\t<img decoding=\"async\" width=\"150\" height=\"150\" src=\"https:\/\/glowhealth.hu\/wp-content\/uploads\/2021\/01\/Ikon-Kosher-U.png\" class=\"attachment-thumbnail size-thumbnail wp-image-4354\" alt=\"\" srcset=\"https:\/\/glowhealth.hu\/wp-content\/uploads\/2021\/01\/Ikon-Kosher-U.png 600w, https:\/\/glowhealth.hu\/wp-content\/uploads\/2021\/01\/Ikon-Kosher-U-300x300.png 300w, https:\/\/glowhealth.hu\/wp-content\/uploads\/2021\/01\/Ikon-Kosher-U-100x100.png 100w\" sizes=\"(max-width: 150px) 100vw, 150px\" \/>\t\t\t\t\t\t\t\t\t\t\t\t\t\t\t<\/div>\n\t\t\t\t<\/div>\n\t\t\t\t<div class=\"elementor-element elementor-element-6cd8c79 elementor-widget elementor-widget-text-editor\" data-id=\"6cd8c79\" data-element_type=\"widget\" data-e-type=\"widget\" data-widget_type=\"text-editor.default\">\n\t\t\t\t<div class=\"elementor-widget-container\">\n\t\t\t\t\t\t\t\t\t<p>Kosher<\/p><p><iframe style=\"display: none;\"><\/iframe><\/p><p><iframe style=\"display: none;\"><\/iframe><\/p><p><iframe style=\"display: none;\"><\/iframe><\/p><p><iframe style=\"display: none;\"><\/iframe><\/p>\t\t\t\t\t\t\t\t<\/div>\n\t\t\t\t<\/div>\n\t\t\t\t\t<\/div>\n\t\t<\/div>\n\t\t\t\t<div class=\"elementor-column elementor-col-50 elementor-inner-column elementor-element elementor-element-963518b\" data-id=\"963518b\" data-element_type=\"column\" data-e-type=\"column\">\n\t\t\t<div class=\"elementor-widget-wrap elementor-element-populated\">\n\t\t\t\t\t\t<div class=\"elementor-element elementor-element-45f8557 elementor-widget elementor-widget-image\" data-id=\"45f8557\" data-element_type=\"widget\" data-e-type=\"widget\" data-widget_type=\"image.default\">\n\t\t\t\t<div class=\"elementor-widget-container\">\n\t\t\t\t\t\t\t\t\t\t\t\t\t\t\t<img decoding=\"async\" width=\"150\" height=\"150\" src=\"https:\/\/glowhealth.hu\/wp-content\/uploads\/2021\/01\/Ikon-Vegan.png\" class=\"attachment-thumbnail size-thumbnail wp-image-4110\" alt=\"\" srcset=\"https:\/\/glowhealth.hu\/wp-content\/uploads\/2021\/01\/Ikon-Vegan.png 600w, https:\/\/glowhealth.hu\/wp-content\/uploads\/2021\/01\/Ikon-Vegan-300x300.png 300w, https:\/\/glowhealth.hu\/wp-content\/uploads\/2021\/01\/Ikon-Vegan-100x100.png 100w\" sizes=\"(max-width: 150px) 100vw, 150px\" \/>\t\t\t\t\t\t\t\t\t\t\t\t\t\t\t<\/div>\n\t\t\t\t<\/div>\n\t\t\t\t<div class=\"elementor-element elementor-element-cc090e3 elementor-widget elementor-widget-text-editor\" data-id=\"cc090e3\" data-element_type=\"widget\" data-e-type=\"widget\" data-widget_type=\"text-editor.default\">\n\t\t\t\t<div class=\"elementor-widget-container\">\n\t\t\t\t\t\t\t\t\t<p>Vegan<\/p><p><iframe style=\"display: none;\"><\/iframe><\/p><p><iframe style=\"display: none;\"><\/iframe><\/p>\t\t\t\t\t\t\t\t<\/div>\n\t\t\t\t<\/div>\n\t\t\t\t\t<\/div>\n\t\t<\/div>\n\t\t\t\t\t<\/div>\n\t\t<\/section>\n\t\t\t\t<section class=\"elementor-section elementor-inner-section elementor-element elementor-element-655c0ed elementor-section-full_width elementor-section-height-default elementor-section-height-default\" data-id=\"655c0ed\" data-element_type=\"section\" data-e-type=\"section\">\n\t\t\t\t\t\t<div class=\"elementor-container elementor-column-gap-default\">\n\t\t\t\t\t<div class=\"elementor-column elementor-col-50 elementor-inner-column elementor-element elementor-element-8a9a98f\" data-id=\"8a9a98f\" data-element_type=\"column\" data-e-type=\"column\">\n\t\t\t<div class=\"elementor-widget-wrap elementor-element-populated\">\n\t\t\t\t\t\t<div class=\"elementor-element elementor-element-dbab35f elementor-widget elementor-widget-image\" data-id=\"dbab35f\" data-element_type=\"widget\" data-e-type=\"widget\" data-widget_type=\"image.default\">\n\t\t\t\t<div class=\"elementor-widget-container\">\n\t\t\t\t\t\t\t\t\t\t\t\t\t\t\t<img decoding=\"async\" width=\"135\" height=\"135\" src=\"https:\/\/glowhealth.hu\/wp-content\/uploads\/2021\/01\/Ikon-Gluten-free.svg\" class=\"attachment-thumbnail size-thumbnail wp-image-4095\" alt=\"\" \/>\t\t\t\t\t\t\t\t\t\t\t\t\t\t\t<\/div>\n\t\t\t\t<\/div>\n\t\t\t\t<div class=\"elementor-element elementor-element-190c209 elementor-widget elementor-widget-text-editor\" data-id=\"190c209\" data-element_type=\"widget\" data-e-type=\"widget\" data-widget_type=\"text-editor.default\">\n\t\t\t\t<div class=\"elementor-widget-container\">\n\t\t\t\t\t\t\t\t\t<p>Non-GMO, Gluten-Free<\/p><p><iframe style=\"display: none;\"><\/iframe><\/p><p><iframe style=\"display: none;\"><\/iframe><\/p><p><iframe style=\"display: none;\"><\/iframe><\/p>\t\t\t\t\t\t\t\t<\/div>\n\t\t\t\t<\/div>\n\t\t\t\t\t<\/div>\n\t\t<\/div>\n\t\t\t\t<div class=\"elementor-column elementor-col-50 elementor-inner-column elementor-element elementor-element-fe814c5\" data-id=\"fe814c5\" data-element_type=\"column\" data-e-type=\"column\">\n\t\t\t<div class=\"elementor-widget-wrap elementor-element-populated\">\n\t\t\t\t\t\t<div class=\"elementor-element elementor-element-5de3aa0 elementor-widget elementor-widget-image\" data-id=\"5de3aa0\" data-element_type=\"widget\" data-e-type=\"widget\" data-widget_type=\"image.default\">\n\t\t\t\t<div class=\"elementor-widget-container\">\n\t\t\t\t\t\t\t\t\t\t\t\t\t\t\t<img loading=\"lazy\" decoding=\"async\" width=\"136\" height=\"135\" src=\"https:\/\/glowhealth.hu\/wp-content\/uploads\/2021\/01\/Ikon-Paleo-friendly.svg\" class=\"attachment-thumbnail size-thumbnail wp-image-4097\" alt=\"\" \/>\t\t\t\t\t\t\t\t\t\t\t\t\t\t\t<\/div>\n\t\t\t\t<\/div>\n\t\t\t\t<div class=\"elementor-element elementor-element-03d90b4 elementor-widget elementor-widget-text-editor\" data-id=\"03d90b4\" data-element_type=\"widget\" data-e-type=\"widget\" data-widget_type=\"text-editor.default\">\n\t\t\t\t<div class=\"elementor-widget-container\">\n\t\t\t\t\t\t\t\t\t<p>Paleo<\/p><p><iframe style=\"display: none;\"><\/iframe><\/p><p><iframe style=\"display: none;\"><\/iframe><\/p><p><iframe style=\"display: none;\"><\/iframe><\/p>\t\t\t\t\t\t\t\t<\/div>\n\t\t\t\t<\/div>\n\t\t\t\t\t<\/div>\n\t\t<\/div>\n\t\t\t\t\t<\/div>\n\t\t<\/section>\n\t\t\t\t\t<\/div>\n\t\t<\/div>\n\t\t\t\t\t<\/div>\n\t\t<\/section>\n\t\t\t\t<section class=\"elementor-section elementor-top-section elementor-element elementor-element-306f137 elementor-section-boxed elementor-section-height-default elementor-section-height-default\" data-id=\"306f137\" data-element_type=\"section\" data-e-type=\"section\" data-settings=\"{&quot;background_background&quot;:&quot;classic&quot;}\">\n\t\t\t\t\t\t<div class=\"elementor-container elementor-column-gap-default\">\n\t\t\t\t\t<div class=\"elementor-column elementor-col-100 elementor-top-column elementor-element elementor-element-9b990a3\" data-id=\"9b990a3\" data-element_type=\"column\" data-e-type=\"column\">\n\t\t\t<div class=\"elementor-widget-wrap elementor-element-populated\">\n\t\t\t\t\t\t<div class=\"elementor-element elementor-element-225def1 elementor-widget elementor-widget-heading\" data-id=\"225def1\" data-element_type=\"widget\" data-e-type=\"widget\" data-widget_type=\"heading.default\">\n\t\t\t\t<div class=\"elementor-widget-container\">\n\t\t\t\t\t<h2 class=\"elementor-heading-title elementor-size-default\">Directions for use<\/h2>\t\t\t\t<\/div>\n\t\t\t\t<\/div>\n\t\t\t\t<section class=\"elementor-section elementor-inner-section elementor-element elementor-element-9145c45 elementor-section-content-middle elementor-reverse-tablet elementor-reverse-mobile elementor-section-boxed elementor-section-height-default elementor-section-height-default\" data-id=\"9145c45\" data-element_type=\"section\" data-e-type=\"section\">\n\t\t\t\t\t\t<div class=\"elementor-container elementor-column-gap-default\">\n\t\t\t\t\t<div class=\"elementor-column elementor-col-50 elementor-inner-column elementor-element elementor-element-cda96ef\" data-id=\"cda96ef\" data-element_type=\"column\" data-e-type=\"column\">\n\t\t\t<div class=\"elementor-widget-wrap elementor-element-populated\">\n\t\t\t\t\t\t<div class=\"elementor-element elementor-element-2aa5f2e elementor-widget elementor-widget-image\" data-id=\"2aa5f2e\" data-element_type=\"widget\" data-e-type=\"widget\" data-widget_type=\"image.default\">\n\t\t\t\t<div class=\"elementor-widget-container\">\n\t\t\t\t\t\t\t\t\t\t\t\t\t\t\t<img loading=\"lazy\" decoding=\"async\" width=\"1015\" height=\"1200\" src=\"https:\/\/glowhealth.hu\/wp-content\/uploads\/2022\/11\/Cimke4-msm-vimergy-supplements-vitamins-34672951787690-1015x1200.jpg\" class=\"attachment-large size-large wp-image-10320\" alt=\"\" srcset=\"https:\/\/glowhealth.hu\/wp-content\/uploads\/2022\/11\/Cimke4-msm-vimergy-supplements-vitamins-34672951787690-1015x1200.jpg 1015w, https:\/\/glowhealth.hu\/wp-content\/uploads\/2022\/11\/Cimke4-msm-vimergy-supplements-vitamins-34672951787690-300x355.jpg 300w, https:\/\/glowhealth.hu\/wp-content\/uploads\/2022\/11\/Cimke4-msm-vimergy-supplements-vitamins-34672951787690-600x709.jpg 600w, https:\/\/glowhealth.hu\/wp-content\/uploads\/2022\/11\/Cimke4-msm-vimergy-supplements-vitamins-34672951787690-254x300.jpg 254w, https:\/\/glowhealth.hu\/wp-content\/uploads\/2022\/11\/Cimke4-msm-vimergy-supplements-vitamins-34672951787690-768x908.jpg 768w, https:\/\/glowhealth.hu\/wp-content\/uploads\/2022\/11\/Cimke4-msm-vimergy-supplements-vitamins-34672951787690-10x12.jpg 10w, https:\/\/glowhealth.hu\/wp-content\/uploads\/2022\/11\/Cimke4-msm-vimergy-supplements-vitamins-34672951787690.jpg 1157w\" sizes=\"(max-width: 1015px) 100vw, 1015px\" \/>\t\t\t\t\t\t\t\t\t\t\t\t\t\t\t<\/div>\n\t\t\t\t<\/div>\n\t\t\t\t\t<\/div>\n\t\t<\/div>\n\t\t\t\t<div class=\"elementor-column elementor-col-50 elementor-inner-column elementor-element elementor-element-abdcdc9\" data-id=\"abdcdc9\" data-element_type=\"column\" data-e-type=\"column\">\n\t\t\t<div class=\"elementor-widget-wrap elementor-element-populated\">\n\t\t\t\t\t\t<div class=\"elementor-element elementor-element-d7a988a elementor-position-inline-start elementor-view-default elementor-mobile-position-block-start elementor-widget elementor-widget-icon-box\" data-id=\"d7a988a\" data-element_type=\"widget\" data-e-type=\"widget\" data-widget_type=\"icon-box.default\">\n\t\t\t\t<div class=\"elementor-widget-container\">\n\t\t\t\t\t\t\t<div class=\"elementor-icon-box-wrapper\">\n\n\t\t\t\t\t\t<div class=\"elementor-icon-box-icon\">\n\t\t\t\t<span  class=\"elementor-icon\">\n\t\t\t\t<i aria-hidden=\"true\" class=\"fab fa-envira\"><\/i>\t\t\t\t<\/span>\n\t\t\t<\/div>\n\t\t\t\n\t\t\t\t\t\t<div class=\"elementor-icon-box-content\">\n\n\t\t\t\t\t\t\t\t\t<h3 class=\"elementor-icon-box-title\">\n\t\t\t\t\t\t<span  >\n\t\t\t\t\t\t\tServing\t\t\t\t\t\t<\/span>\n\t\t\t\t\t<\/h3>\n\t\t\t\t\n\t\t\t\t\t\t\t\t\t<p class=\"elementor-icon-box-description\">\n\t\t\t\t\t\tAs a dietary supplement, take 1 capsule, 1-2 times daily.\t\t\t\t\t<\/p>\n\t\t\t\t\n\t\t\t<\/div>\n\t\t\t\n\t\t<\/div>\n\t\t\t\t\t\t<\/div>\n\t\t\t\t<\/div>\n\t\t\t\t<div class=\"elementor-element elementor-element-25f400b elementor-position-inline-start elementor-view-default elementor-mobile-position-block-start elementor-widget elementor-widget-icon-box\" data-id=\"25f400b\" data-element_type=\"widget\" data-e-type=\"widget\" data-widget_type=\"icon-box.default\">\n\t\t\t\t<div class=\"elementor-widget-container\">\n\t\t\t\t\t\t\t<div class=\"elementor-icon-box-wrapper\">\n\n\t\t\t\t\t\t<div class=\"elementor-icon-box-icon\">\n\t\t\t\t<span  class=\"elementor-icon\">\n\t\t\t\t<i aria-hidden=\"true\" class=\"fab fa-envira\"><\/i>\t\t\t\t<\/span>\n\t\t\t<\/div>\n\t\t\t\n\t\t\t\t\t\t<div class=\"elementor-icon-box-content\">\n\n\t\t\t\t\t\t\t\t\t<h3 class=\"elementor-icon-box-title\">\n\t\t\t\t\t\t<span  >\n\t\t\t\t\t\t\tStorage\t\t\t\t\t\t<\/span>\n\t\t\t\t\t<\/h3>\n\t\t\t\t\n\t\t\t\t\t\t\t\t\t<p class=\"elementor-icon-box-description\">\n\t\t\t\t\t\tStore in a cool, dark place.\t\t\t\t\t<\/p>\n\t\t\t\t\n\t\t\t<\/div>\n\t\t\t\n\t\t<\/div>\n\t\t\t\t\t\t<\/div>\n\t\t\t\t<\/div>\n\t\t\t\t<div class=\"elementor-element elementor-element-2269b3a elementor-position-inline-start elementor-view-default elementor-mobile-position-block-start elementor-widget elementor-widget-icon-box\" data-id=\"2269b3a\" data-element_type=\"widget\" data-e-type=\"widget\" data-widget_type=\"icon-box.default\">\n\t\t\t\t<div class=\"elementor-widget-container\">\n\t\t\t\t\t\t\t<div class=\"elementor-icon-box-wrapper\">\n\n\t\t\t\t\t\t<div class=\"elementor-icon-box-icon\">\n\t\t\t\t<span  class=\"elementor-icon\">\n\t\t\t\t<i aria-hidden=\"true\" class=\"fab fa-envira\"><\/i>\t\t\t\t<\/span>\n\t\t\t<\/div>\n\t\t\t\n\t\t\t\t\t\t<div class=\"elementor-icon-box-content\">\n\n\t\t\t\t\t\t\t\t\t<h3 class=\"elementor-icon-box-title\">\n\t\t\t\t\t\t<span  >\n\t\t\t\t\t\t\tContraindications\t\t\t\t\t\t<\/span>\n\t\t\t\t\t<\/h3>\n\t\t\t\t\n\t\t\t\t\t\t\t\t\t<p class=\"elementor-icon-box-description\">\n\t\t\t\t\t\tNe haszn\u00e1lja a term\u00e9ket, ha allergi\u00e1s a k\u00e9nre! Amennyiben v\u00e1rand\u00f3s\/szoptat, gy\u00f3gyszert szed vagy \u00e9rz\u00e9keny a term\u00e9k valamelyik \u00f6sszetev\u0151j\u00e9re, k\u00e9rdezze meg kezel\u0151orvos\u00e1t vagy gy\u00f3gyszer\u00e9sz\u00e9t a term\u00e9k szed\u00e9s\u00e9nek megkezd\u00e9se el\u0151tt! Ha a term\u00e9k haszn\u00e1lat\u00e1t k\u00f6vet\u0151en b\u00e1rmilyen mell\u00e9khat\u00e1st tapasztal, felt\u00e9tlen\u00fcl forduljon orvoshoz, \u00e9s azonnal hagyja abba a term\u00e9k szed\u00e9s\u00e9t!\t\t\t\t\t<\/p>\n\t\t\t\t\n\t\t\t<\/div>\n\t\t\t\n\t\t<\/div>\n\t\t\t\t\t\t<\/div>\n\t\t\t\t<\/div>\n\t\t\t\t\t<\/div>\n\t\t<\/div>\n\t\t\t\t\t<\/div>\n\t\t<\/section>\n\t\t\t\t\t<\/div>\n\t\t<\/div>\n\t\t\t\t\t<\/div>\n\t\t<\/section>\n\t\t\t\t<\/div>","protected":false},"excerpt":{"rendered":"<p>Csontjaink eg\u00e9szs\u00e9ge nagy hat\u00e1ssal lehet \u00e9letmin\u0151s\u00e9g\u00fcnkre. A Vimergy MSM szil\u00edciummal \u00e9s k\u00e1lciummal egy egyed\u00fcl\u00e1ll\u00f3 k\u00e9sz\u00edtm\u00e9ny, amelyet a csontok, valamint a haj \u00e9s a k\u00f6r\u00f6m eg\u00e9szs\u00e9g\u00e9nek t\u00e1mogat\u00e1s\u00e1ra terveztek.<\/p>\n<p>Minden kapszula 780 mg tiszta MSM-et, plusz 25 mg bambuszsz\u00e1r kivonatb\u00f3l sz\u00e1rmaz\u00f3 szil\u00edcium-dioxidot \u00e9s 25 mg atlanti alg\u00e1b\u00f3l sz\u00e1rmaz\u00f3 kalciumot tartalmaz.<\/p>","protected":false},"featured_media":10319,"template":"","meta":{"_acf_changed":false},"product_brand":[],"product_cat":[16,19],"product_tag":[],"class_list":{"0":"post-10316","1":"product","2":"type-product","3":"status-publish","4":"has-post-thumbnail","6":"product_cat-vimergy","7":"product_cat-kapszulak","9":"first","10":"instock","11":"sale","12":"taxable","13":"shipping-taxable","14":"purchasable","15":"product-type-simple"},"acf":[],"_links":{"self":[{"href":"https:\/\/glowhealth.hu\/en\/wp-json\/wp\/v2\/product\/10316","targetHints":{"allow":["GET"]}}],"collection":[{"href":"https:\/\/glowhealth.hu\/en\/wp-json\/wp\/v2\/product"}],"about":[{"href":"https:\/\/glowhealth.hu\/en\/wp-json\/wp\/v2\/types\/product"}],"version-history":[{"count":0,"href":"https:\/\/glowhealth.hu\/en\/wp-json\/wp\/v2\/product\/10316\/revisions"}],"wp:featuredmedia":[{"embeddable":true,"href":"https:\/\/glowhealth.hu\/en\/wp-json\/wp\/v2\/media\/10319"}],"wp:attachment":[{"href":"https:\/\/glowhealth.hu\/en\/wp-json\/wp\/v2\/media?parent=10316"}],"wp:term":[{"taxonomy":"product_brand","embeddable":true,"href":"https:\/\/glowhealth.hu\/en\/wp-json\/wp\/v2\/product_brand?post=10316"},{"taxonomy":"product_cat","embeddable":true,"href":"https:\/\/glowhealth.hu\/en\/wp-json\/wp\/v2\/product_cat?post=10316"},{"taxonomy":"product_tag","embeddable":true,"href":"https:\/\/glowhealth.hu\/en\/wp-json\/wp\/v2\/product_tag?post=10316"}],"curies":[{"name":"wp","href":"https:\/\/api.w.org\/{rel}","templated":true}]}}