{"id":10284,"date":"2022-11-23T00:01:35","date_gmt":"2022-11-22T22:01:35","guid":{"rendered":"https:\/\/glowhealth.hu\/?post_type=product&#038;p=10284"},"modified":"2026-01-20T16:08:51","modified_gmt":"2026-01-20T14:08:51","slug":"adapto-b-complex-2","status":"publish","type":"product","link":"https:\/\/glowhealth.hu\/en\/termek\/gaba-magneziummal\/","title":{"rendered":"Gaba Magn\u00e9ziummal Kapszula"},"content":{"rendered":"<div data-elementor-type=\"product-post\" data-elementor-id=\"10284\" class=\"elementor elementor-10284\" data-elementor-post-type=\"product\">\n\t\t\t\t\t\t<section class=\"elementor-section elementor-top-section elementor-element elementor-element-fa9ea26 elementor-section-boxed elementor-section-height-default elementor-section-height-default\" data-id=\"fa9ea26\" data-element_type=\"section\" data-e-type=\"section\" data-settings=\"{&quot;background_background&quot;:&quot;classic&quot;}\">\n\t\t\t\t\t\t<div class=\"elementor-container elementor-column-gap-default\">\n\t\t\t\t\t<div class=\"elementor-column elementor-col-100 elementor-top-column elementor-element elementor-element-73ff210\" data-id=\"73ff210\" data-element_type=\"column\" data-e-type=\"column\">\n\t\t\t<div class=\"elementor-widget-wrap elementor-element-populated\">\n\t\t\t\t\t\t<section class=\"elementor-section elementor-inner-section elementor-element elementor-element-a7880e5 elementor-section-boxed elementor-section-height-default elementor-section-height-default\" data-id=\"a7880e5\" data-element_type=\"section\" data-e-type=\"section\" data-settings=\"{&quot;background_background&quot;:&quot;classic&quot;}\">\n\t\t\t\t\t\t<div class=\"elementor-container elementor-column-gap-wider\">\n\t\t\t\t\t<div class=\"elementor-column elementor-col-50 elementor-inner-column elementor-element elementor-element-e2e5626\" data-id=\"e2e5626\" data-element_type=\"column\" data-e-type=\"column\" data-settings=\"{&quot;background_background&quot;:&quot;classic&quot;}\">\n\t\t\t<div class=\"elementor-widget-wrap elementor-element-populated\">\n\t\t\t\t\t\t<div class=\"elementor-element elementor-element-b9d8e3f elementor-widget elementor-widget-spacer\" data-id=\"b9d8e3f\" data-element_type=\"widget\" data-e-type=\"widget\" data-widget_type=\"spacer.default\">\n\t\t\t\t<div class=\"elementor-widget-container\">\n\t\t\t\t\t\t\t<div class=\"elementor-spacer\">\n\t\t\t<div class=\"elementor-spacer-inner\"><\/div>\n\t\t<\/div>\n\t\t\t\t\t\t<\/div>\n\t\t\t\t<\/div>\n\t\t\t\t\t<\/div>\n\t\t<\/div>\n\t\t\t\t<div class=\"elementor-column elementor-col-50 elementor-inner-column elementor-element elementor-element-dc24f30\" data-id=\"dc24f30\" data-element_type=\"column\" data-e-type=\"column\" data-settings=\"{&quot;background_background&quot;:&quot;classic&quot;}\">\n\t\t\t<div class=\"elementor-widget-wrap elementor-element-populated\">\n\t\t\t\t\t\t<div class=\"elementor-element elementor-element-b4a881a elementor-widget elementor-widget-heading\" data-id=\"b4a881a\" data-element_type=\"widget\" data-e-type=\"widget\" data-widget_type=\"heading.default\">\n\t\t\t\t<div class=\"elementor-widget-container\">\n\t\t\t\t\t<h2 class=\"elementor-heading-title elementor-size-default\">Gaba Magn\u00e9ziummal<\/h2>\t\t\t\t<\/div>\n\t\t\t\t<\/div>\n\t\t\t\t<div class=\"elementor-element elementor-element-b8225ba elementor-widget elementor-widget-text-editor\" data-id=\"b8225ba\" data-element_type=\"widget\" data-e-type=\"widget\" data-widget_type=\"text-editor.default\">\n\t\t\t\t<div class=\"elementor-widget-container\">\n\t\t\t\t\t\t\t\t\t<p>A GABA elengedhetetlen az idegrendszer eg\u00e9szs\u00e9ges m\u0171k\u00f6d\u00e9s\u00e9hez. A\u00a0<strong>GABA<\/strong>\u00a0a\u00a0<strong>gamma-aminovajsav,<\/strong>\u00a0amely az egyik j\u00f3l ismert\u00a0<strong>nootropikum. <\/strong>Ez egy g\u00e1tl\u00f3 neurotranszmitter, amely cs\u00f6kkentheti az idegi aktivit\u00e1st. Ez megnyilv\u00e1nulhat\u00a0a\u00a0nyugalom, az ellazul\u00e1s\u00a0\u00e9s a\u00a0pozit\u00edvabb hangulat\u00a0el\u0151id\u00e9z\u00e9s\u00e9ben. 750-800mg GABA haszn\u00e1lata k\u00e9pes t\u00e1mogatni a ment\u00e1lis koncentr\u00e1ci\u00f3t.<\/p><p>A magn\u00e9zium fontos szerepet j\u00e1tszik ment\u00e1lis eg\u00e9szs\u00e9g\u00fcnk meg\u0151rz\u00e9s\u00e9ben. T\u00f6bb mint 300-f\u00e9le kulcsfontoss\u00e1g\u00fa enzim m\u0171k\u00f6d\u00e9s\u00e9nek szab\u00e1lyoz\u00e1s\u00e1ban vesz r\u00e9szt, ekk\u00e9nt jelent\u0151s szerepe van a sz\u00e9nhidr\u00e1tok, a zs\u00edrok, a nukleinsavak \u00e9s a feh\u00e9rj\u00e9k anyagcser\u00e9j\u00e9ben, tov\u00e1bb\u00e1 az energiatermel\u0151 \u00e9s -felhaszn\u00e1l\u00f3 folyamatokban.<\/p>\t\t\t\t\t\t\t\t<\/div>\n\t\t\t\t<\/div>\n\t\t\t\t\t<\/div>\n\t\t<\/div>\n\t\t\t\t\t<\/div>\n\t\t<\/section>\n\t\t\t\t\t<\/div>\n\t\t<\/div>\n\t\t\t\t\t<\/div>\n\t\t<\/section>\n\t\t\t\t<section class=\"elementor-section elementor-top-section elementor-element elementor-element-5b71ee6 elementor-section-full_width elementor-section-height-default elementor-section-height-default\" data-id=\"5b71ee6\" data-element_type=\"section\" data-e-type=\"section\">\n\t\t\t\t\t\t<div class=\"elementor-container elementor-column-gap-default\">\n\t\t\t\t\t<div class=\"elementor-column elementor-col-100 elementor-top-column elementor-element elementor-element-2e7d4e4\" data-id=\"2e7d4e4\" data-element_type=\"column\" data-e-type=\"column\">\n\t\t\t<div class=\"elementor-widget-wrap elementor-element-populated\">\n\t\t\t\t\t\t<div class=\"elementor-element elementor-element-c432476 elementor-widget elementor-widget-heading\" data-id=\"c432476\" data-element_type=\"widget\" data-e-type=\"widget\" data-widget_type=\"heading.default\">\n\t\t\t\t<div class=\"elementor-widget-container\">\n\t\t\t\t\t<h2 class=\"elementor-heading-title elementor-size-default\">Gaba Magn\u00e9ziummal<\/h2>\t\t\t\t<\/div>\n\t\t\t\t<\/div>\n\t\t\t\t<div class=\"elementor-element elementor-element-ccdc844 elementor-widget elementor-widget-heading\" data-id=\"ccdc844\" data-element_type=\"widget\" data-e-type=\"widget\" data-widget_type=\"heading.default\">\n\t\t\t\t<div class=\"elementor-widget-container\">\n\t\t\t\t\t<h2 class=\"elementor-heading-title elementor-size-default\">Ingredients<\/h2>\t\t\t\t<\/div>\n\t\t\t\t<\/div>\n\t\t\t\t<section class=\"elementor-section elementor-inner-section elementor-element elementor-element-44a0a89 elementor-section-boxed elementor-section-height-default elementor-section-height-default\" data-id=\"44a0a89\" data-element_type=\"section\" data-e-type=\"section\">\n\t\t\t\t\t\t<div class=\"elementor-container elementor-column-gap-wider\">\n\t\t\t\t\t<div class=\"elementor-column elementor-col-100 elementor-inner-column elementor-element elementor-element-eecc54c\" data-id=\"eecc54c\" data-element_type=\"column\" data-e-type=\"column\">\n\t\t\t<div class=\"elementor-widget-wrap elementor-element-populated\">\n\t\t\t\t\t\t<div class=\"elementor-element elementor-element-abfe660 elementor-widget elementor-widget-text-editor\" data-id=\"abfe660\" data-element_type=\"widget\" data-e-type=\"widget\" data-widget_type=\"text-editor.default\">\n\t\t\t\t<div class=\"elementor-widget-container\">\n\t\t\t\t\t\t\t\t\t<p>Nem tartalmaz citromsavat, zselatint \u00e9s adal\u00e9kanyagokat<\/p>\t\t\t\t\t\t\t\t<\/div>\n\t\t\t\t<\/div>\n\t\t\t\t\t<\/div>\n\t\t<\/div>\n\t\t\t\t\t<\/div>\n\t\t<\/section>\n\t\t\t\t\t<\/div>\n\t\t<\/div>\n\t\t\t\t\t<\/div>\n\t\t<\/section>\n\t\t\t\t<section class=\"elementor-section elementor-top-section elementor-element elementor-element-1a5fbb5 elementor-section-boxed elementor-section-height-default elementor-section-height-default\" data-id=\"1a5fbb5\" data-element_type=\"section\" data-e-type=\"section\">\n\t\t\t\t\t\t<div class=\"elementor-container elementor-column-gap-default\">\n\t\t\t\t\t<div class=\"elementor-column elementor-col-50 elementor-top-column elementor-element elementor-element-18c3988\" data-id=\"18c3988\" data-element_type=\"column\" data-e-type=\"column\">\n\t\t\t<div class=\"elementor-widget-wrap elementor-element-populated\">\n\t\t\t\t\t\t<div class=\"elementor-element elementor-element-718d958 elementor-widget elementor-widget-text-editor\" data-id=\"718d958\" data-element_type=\"widget\" data-e-type=\"widget\" data-widget_type=\"text-editor.default\">\n\t\t\t\t<div class=\"elementor-widget-container\">\n\t\t\t\t\t\t\t\t\t<p><strong>A Vimergy Gaba Magn\u00e9ziummal \u00e9trend-kieg\u00e9sz\u00edt\u0151je egy adagban a k\u00f6vetkez\u0151ket tartalmazza:<\/strong><\/p><ul><li>250mg Gaba (gamma-aminovajsav)<\/li><li>50mg Magn\u00e9zium glicin\u00e1t<\/li><\/ul><p><iframe style=\"display: none;\"><\/iframe><\/p><p><iframe style=\"display: none;\"><\/iframe><\/p><p><iframe style=\"display: none;\"><\/iframe><\/p><p><iframe style=\"display: none;\"><\/iframe><\/p><p><iframe style=\"display: none;\"><\/iframe><\/p><p><iframe style=\"display: none;\"><\/iframe><\/p><p><iframe style=\"display: none;\"><\/iframe><\/p><p><iframe style=\"display: none;\"><\/iframe><\/p><p><iframe style=\"display: none;\"><\/iframe><\/p><p><iframe style=\"display: none;\"><\/iframe><\/p><p><iframe style=\"display: none;\"><\/iframe><\/p><p><iframe style=\"display: none;\"><\/iframe><\/p>\t\t\t\t\t\t\t\t<\/div>\n\t\t\t\t<\/div>\n\t\t\t\t\t<\/div>\n\t\t<\/div>\n\t\t\t\t<div class=\"elementor-column elementor-col-50 elementor-top-column elementor-element elementor-element-6b9324d\" data-id=\"6b9324d\" data-element_type=\"column\" data-e-type=\"column\">\n\t\t\t<div class=\"elementor-widget-wrap elementor-element-populated\">\n\t\t\t\t\t\t<section class=\"elementor-section elementor-inner-section elementor-element elementor-element-c8dff40 elementor-section-full_width elementor-section-height-default elementor-section-height-default\" data-id=\"c8dff40\" data-element_type=\"section\" data-e-type=\"section\">\n\t\t\t\t\t\t<div class=\"elementor-container elementor-column-gap-default\">\n\t\t\t\t\t<div class=\"elementor-column elementor-col-50 elementor-inner-column elementor-element elementor-element-028c653\" data-id=\"028c653\" data-element_type=\"column\" data-e-type=\"column\">\n\t\t\t<div class=\"elementor-widget-wrap elementor-element-populated\">\n\t\t\t\t\t\t<div class=\"elementor-element elementor-element-a57561f elementor-widget elementor-widget-image\" data-id=\"a57561f\" data-element_type=\"widget\" data-e-type=\"widget\" data-widget_type=\"image.default\">\n\t\t\t\t<div class=\"elementor-widget-container\">\n\t\t\t\t\t\t\t\t\t\t\t\t\t\t\t<img decoding=\"async\" width=\"150\" height=\"150\" src=\"https:\/\/glowhealth.hu\/wp-content\/uploads\/2021\/01\/Ikon-Kosher-U.png\" class=\"attachment-thumbnail size-thumbnail wp-image-4354\" alt=\"\" srcset=\"https:\/\/glowhealth.hu\/wp-content\/uploads\/2021\/01\/Ikon-Kosher-U.png 600w, https:\/\/glowhealth.hu\/wp-content\/uploads\/2021\/01\/Ikon-Kosher-U-300x300.png 300w, https:\/\/glowhealth.hu\/wp-content\/uploads\/2021\/01\/Ikon-Kosher-U-100x100.png 100w\" sizes=\"(max-width: 150px) 100vw, 150px\" \/>\t\t\t\t\t\t\t\t\t\t\t\t\t\t\t<\/div>\n\t\t\t\t<\/div>\n\t\t\t\t<div class=\"elementor-element elementor-element-6cd8c79 elementor-widget elementor-widget-text-editor\" data-id=\"6cd8c79\" data-element_type=\"widget\" data-e-type=\"widget\" data-widget_type=\"text-editor.default\">\n\t\t\t\t<div class=\"elementor-widget-container\">\n\t\t\t\t\t\t\t\t\t<p>Kosher<\/p><p><iframe style=\"display: none;\"><\/iframe><\/p><p><iframe style=\"display: none;\"><\/iframe><\/p><p><iframe style=\"display: none;\"><\/iframe><\/p><p><iframe style=\"display: none;\"><\/iframe><\/p>\t\t\t\t\t\t\t\t<\/div>\n\t\t\t\t<\/div>\n\t\t\t\t\t<\/div>\n\t\t<\/div>\n\t\t\t\t<div class=\"elementor-column elementor-col-50 elementor-inner-column elementor-element elementor-element-963518b\" data-id=\"963518b\" data-element_type=\"column\" data-e-type=\"column\">\n\t\t\t<div class=\"elementor-widget-wrap elementor-element-populated\">\n\t\t\t\t\t\t<div class=\"elementor-element elementor-element-45f8557 elementor-widget elementor-widget-image\" data-id=\"45f8557\" data-element_type=\"widget\" data-e-type=\"widget\" data-widget_type=\"image.default\">\n\t\t\t\t<div class=\"elementor-widget-container\">\n\t\t\t\t\t\t\t\t\t\t\t\t\t\t\t<img decoding=\"async\" width=\"150\" height=\"150\" src=\"https:\/\/glowhealth.hu\/wp-content\/uploads\/2021\/01\/Ikon-Vegan.png\" class=\"attachment-thumbnail size-thumbnail wp-image-4110\" alt=\"\" srcset=\"https:\/\/glowhealth.hu\/wp-content\/uploads\/2021\/01\/Ikon-Vegan.png 600w, https:\/\/glowhealth.hu\/wp-content\/uploads\/2021\/01\/Ikon-Vegan-300x300.png 300w, https:\/\/glowhealth.hu\/wp-content\/uploads\/2021\/01\/Ikon-Vegan-100x100.png 100w\" sizes=\"(max-width: 150px) 100vw, 150px\" \/>\t\t\t\t\t\t\t\t\t\t\t\t\t\t\t<\/div>\n\t\t\t\t<\/div>\n\t\t\t\t<div class=\"elementor-element elementor-element-cc090e3 elementor-widget elementor-widget-text-editor\" data-id=\"cc090e3\" data-element_type=\"widget\" data-e-type=\"widget\" data-widget_type=\"text-editor.default\">\n\t\t\t\t<div class=\"elementor-widget-container\">\n\t\t\t\t\t\t\t\t\t<p>Vegan<\/p><p><iframe style=\"display: none;\"><\/iframe><\/p><p><iframe style=\"display: none;\"><\/iframe><\/p>\t\t\t\t\t\t\t\t<\/div>\n\t\t\t\t<\/div>\n\t\t\t\t\t<\/div>\n\t\t<\/div>\n\t\t\t\t\t<\/div>\n\t\t<\/section>\n\t\t\t\t<section class=\"elementor-section elementor-inner-section elementor-element elementor-element-655c0ed elementor-section-full_width elementor-section-height-default elementor-section-height-default\" data-id=\"655c0ed\" data-element_type=\"section\" data-e-type=\"section\">\n\t\t\t\t\t\t<div class=\"elementor-container elementor-column-gap-default\">\n\t\t\t\t\t<div class=\"elementor-column elementor-col-50 elementor-inner-column elementor-element elementor-element-8a9a98f\" data-id=\"8a9a98f\" data-element_type=\"column\" data-e-type=\"column\">\n\t\t\t<div class=\"elementor-widget-wrap elementor-element-populated\">\n\t\t\t\t\t\t<div class=\"elementor-element elementor-element-dbab35f elementor-widget elementor-widget-image\" data-id=\"dbab35f\" data-element_type=\"widget\" data-e-type=\"widget\" data-widget_type=\"image.default\">\n\t\t\t\t<div class=\"elementor-widget-container\">\n\t\t\t\t\t\t\t\t\t\t\t\t\t\t\t<img decoding=\"async\" width=\"135\" height=\"135\" src=\"https:\/\/glowhealth.hu\/wp-content\/uploads\/2021\/01\/Ikon-Gluten-free.svg\" class=\"attachment-thumbnail size-thumbnail wp-image-4095\" alt=\"\" \/>\t\t\t\t\t\t\t\t\t\t\t\t\t\t\t<\/div>\n\t\t\t\t<\/div>\n\t\t\t\t<div class=\"elementor-element elementor-element-190c209 elementor-widget elementor-widget-text-editor\" data-id=\"190c209\" data-element_type=\"widget\" data-e-type=\"widget\" data-widget_type=\"text-editor.default\">\n\t\t\t\t<div class=\"elementor-widget-container\">\n\t\t\t\t\t\t\t\t\t<p>Non-GMO, Gluten-Free<\/p><p><iframe style=\"display: none;\"><\/iframe><\/p><p><iframe style=\"display: none;\"><\/iframe><\/p><p><iframe style=\"display: none;\"><\/iframe><\/p>\t\t\t\t\t\t\t\t<\/div>\n\t\t\t\t<\/div>\n\t\t\t\t\t<\/div>\n\t\t<\/div>\n\t\t\t\t<div class=\"elementor-column elementor-col-50 elementor-inner-column elementor-element elementor-element-fe814c5\" data-id=\"fe814c5\" data-element_type=\"column\" data-e-type=\"column\">\n\t\t\t<div class=\"elementor-widget-wrap elementor-element-populated\">\n\t\t\t\t\t\t<div class=\"elementor-element elementor-element-5de3aa0 elementor-widget elementor-widget-image\" data-id=\"5de3aa0\" data-element_type=\"widget\" data-e-type=\"widget\" data-widget_type=\"image.default\">\n\t\t\t\t<div class=\"elementor-widget-container\">\n\t\t\t\t\t\t\t\t\t\t\t\t\t\t\t<img loading=\"lazy\" decoding=\"async\" width=\"136\" height=\"135\" src=\"https:\/\/glowhealth.hu\/wp-content\/uploads\/2021\/01\/Ikon-Paleo-friendly.svg\" class=\"attachment-thumbnail size-thumbnail wp-image-4097\" alt=\"\" \/>\t\t\t\t\t\t\t\t\t\t\t\t\t\t\t<\/div>\n\t\t\t\t<\/div>\n\t\t\t\t<div class=\"elementor-element elementor-element-03d90b4 elementor-widget elementor-widget-text-editor\" data-id=\"03d90b4\" data-element_type=\"widget\" data-e-type=\"widget\" data-widget_type=\"text-editor.default\">\n\t\t\t\t<div class=\"elementor-widget-container\">\n\t\t\t\t\t\t\t\t\t<p>Paleo<\/p><p><iframe style=\"display: none;\"><\/iframe><\/p><p><iframe style=\"display: none;\"><\/iframe><\/p><p><iframe style=\"display: none;\"><\/iframe><\/p>\t\t\t\t\t\t\t\t<\/div>\n\t\t\t\t<\/div>\n\t\t\t\t\t<\/div>\n\t\t<\/div>\n\t\t\t\t\t<\/div>\n\t\t<\/section>\n\t\t\t\t\t<\/div>\n\t\t<\/div>\n\t\t\t\t\t<\/div>\n\t\t<\/section>\n\t\t\t\t<section class=\"elementor-section elementor-top-section elementor-element elementor-element-306f137 elementor-section-boxed elementor-section-height-default elementor-section-height-default\" data-id=\"306f137\" data-element_type=\"section\" data-e-type=\"section\" data-settings=\"{&quot;background_background&quot;:&quot;classic&quot;}\">\n\t\t\t\t\t\t<div class=\"elementor-container elementor-column-gap-default\">\n\t\t\t\t\t<div class=\"elementor-column elementor-col-100 elementor-top-column elementor-element elementor-element-9b990a3\" data-id=\"9b990a3\" data-element_type=\"column\" data-e-type=\"column\">\n\t\t\t<div class=\"elementor-widget-wrap elementor-element-populated\">\n\t\t\t\t\t\t<div class=\"elementor-element elementor-element-225def1 elementor-widget elementor-widget-heading\" data-id=\"225def1\" data-element_type=\"widget\" data-e-type=\"widget\" data-widget_type=\"heading.default\">\n\t\t\t\t<div class=\"elementor-widget-container\">\n\t\t\t\t\t<h2 class=\"elementor-heading-title elementor-size-default\">Directions for use<\/h2>\t\t\t\t<\/div>\n\t\t\t\t<\/div>\n\t\t\t\t<section class=\"elementor-section elementor-inner-section elementor-element elementor-element-9145c45 elementor-section-content-middle elementor-reverse-tablet elementor-reverse-mobile elementor-section-boxed elementor-section-height-default elementor-section-height-default\" data-id=\"9145c45\" data-element_type=\"section\" data-e-type=\"section\">\n\t\t\t\t\t\t<div class=\"elementor-container elementor-column-gap-default\">\n\t\t\t\t\t<div class=\"elementor-column elementor-col-50 elementor-inner-column elementor-element elementor-element-cda96ef\" data-id=\"cda96ef\" data-element_type=\"column\" data-e-type=\"column\">\n\t\t\t<div class=\"elementor-widget-wrap elementor-element-populated\">\n\t\t\t\t\t\t<div class=\"elementor-element elementor-element-2aa5f2e elementor-widget elementor-widget-image\" data-id=\"2aa5f2e\" data-element_type=\"widget\" data-e-type=\"widget\" data-widget_type=\"image.default\">\n\t\t\t\t<div class=\"elementor-widget-container\">\n\t\t\t\t\t\t\t\t\t\t\t\t\t\t\t<img loading=\"lazy\" decoding=\"async\" width=\"945\" height=\"1200\" src=\"https:\/\/glowhealth.hu\/wp-content\/uploads\/2022\/11\/Cimke4-gaba-vimergy-supplements-vitamins-34654735433898-945x1200.jpg\" class=\"attachment-large size-large wp-image-10288\" alt=\"\" srcset=\"https:\/\/glowhealth.hu\/wp-content\/uploads\/2022\/11\/Cimke4-gaba-vimergy-supplements-vitamins-34654735433898-945x1200.jpg 945w, https:\/\/glowhealth.hu\/wp-content\/uploads\/2022\/11\/Cimke4-gaba-vimergy-supplements-vitamins-34654735433898-300x381.jpg 300w, https:\/\/glowhealth.hu\/wp-content\/uploads\/2022\/11\/Cimke4-gaba-vimergy-supplements-vitamins-34654735433898-600x762.jpg 600w, https:\/\/glowhealth.hu\/wp-content\/uploads\/2022\/11\/Cimke4-gaba-vimergy-supplements-vitamins-34654735433898-236x300.jpg 236w, https:\/\/glowhealth.hu\/wp-content\/uploads\/2022\/11\/Cimke4-gaba-vimergy-supplements-vitamins-34654735433898-768x976.jpg 768w, https:\/\/glowhealth.hu\/wp-content\/uploads\/2022\/11\/Cimke4-gaba-vimergy-supplements-vitamins-34654735433898-9x12.jpg 9w, https:\/\/glowhealth.hu\/wp-content\/uploads\/2022\/11\/Cimke4-gaba-vimergy-supplements-vitamins-34654735433898.jpg 1206w\" sizes=\"(max-width: 945px) 100vw, 945px\" \/>\t\t\t\t\t\t\t\t\t\t\t\t\t\t\t<\/div>\n\t\t\t\t<\/div>\n\t\t\t\t\t<\/div>\n\t\t<\/div>\n\t\t\t\t<div class=\"elementor-column elementor-col-50 elementor-inner-column elementor-element elementor-element-abdcdc9\" data-id=\"abdcdc9\" data-element_type=\"column\" data-e-type=\"column\">\n\t\t\t<div class=\"elementor-widget-wrap elementor-element-populated\">\n\t\t\t\t\t\t<div class=\"elementor-element elementor-element-d7a988a elementor-position-inline-start elementor-view-default elementor-mobile-position-block-start elementor-widget elementor-widget-icon-box\" data-id=\"d7a988a\" data-element_type=\"widget\" data-e-type=\"widget\" data-widget_type=\"icon-box.default\">\n\t\t\t\t<div class=\"elementor-widget-container\">\n\t\t\t\t\t\t\t<div class=\"elementor-icon-box-wrapper\">\n\n\t\t\t\t\t\t<div class=\"elementor-icon-box-icon\">\n\t\t\t\t<span  class=\"elementor-icon\">\n\t\t\t\t<i aria-hidden=\"true\" class=\"fab fa-envira\"><\/i>\t\t\t\t<\/span>\n\t\t\t<\/div>\n\t\t\t\n\t\t\t\t\t\t<div class=\"elementor-icon-box-content\">\n\n\t\t\t\t\t\t\t\t\t<h3 class=\"elementor-icon-box-title\">\n\t\t\t\t\t\t<span  >\n\t\t\t\t\t\t\tServing\t\t\t\t\t\t<\/span>\n\t\t\t\t\t<\/h3>\n\t\t\t\t\n\t\t\t\t\t\t\t\t\t<p class=\"elementor-icon-box-description\">\n\t\t\t\t\t\tAs a dietary supplement, take 1 capsule, 1-2 times daily.\t\t\t\t\t<\/p>\n\t\t\t\t\n\t\t\t<\/div>\n\t\t\t\n\t\t<\/div>\n\t\t\t\t\t\t<\/div>\n\t\t\t\t<\/div>\n\t\t\t\t<div class=\"elementor-element elementor-element-25f400b elementor-position-inline-start elementor-view-default elementor-mobile-position-block-start elementor-widget elementor-widget-icon-box\" data-id=\"25f400b\" data-element_type=\"widget\" data-e-type=\"widget\" data-widget_type=\"icon-box.default\">\n\t\t\t\t<div class=\"elementor-widget-container\">\n\t\t\t\t\t\t\t<div class=\"elementor-icon-box-wrapper\">\n\n\t\t\t\t\t\t<div class=\"elementor-icon-box-icon\">\n\t\t\t\t<span  class=\"elementor-icon\">\n\t\t\t\t<i aria-hidden=\"true\" class=\"fab fa-envira\"><\/i>\t\t\t\t<\/span>\n\t\t\t<\/div>\n\t\t\t\n\t\t\t\t\t\t<div class=\"elementor-icon-box-content\">\n\n\t\t\t\t\t\t\t\t\t<h3 class=\"elementor-icon-box-title\">\n\t\t\t\t\t\t<span  >\n\t\t\t\t\t\t\tStorage\t\t\t\t\t\t<\/span>\n\t\t\t\t\t<\/h3>\n\t\t\t\t\n\t\t\t\t\t\t\t\t\t<p class=\"elementor-icon-box-description\">\n\t\t\t\t\t\tStore in a cool, dark place.\t\t\t\t\t<\/p>\n\t\t\t\t\n\t\t\t<\/div>\n\t\t\t\n\t\t<\/div>\n\t\t\t\t\t\t<\/div>\n\t\t\t\t<\/div>\n\t\t\t\t<div class=\"elementor-element elementor-element-2269b3a elementor-position-inline-start elementor-view-default elementor-mobile-position-block-start elementor-widget elementor-widget-icon-box\" data-id=\"2269b3a\" data-element_type=\"widget\" data-e-type=\"widget\" data-widget_type=\"icon-box.default\">\n\t\t\t\t<div class=\"elementor-widget-container\">\n\t\t\t\t\t\t\t<div class=\"elementor-icon-box-wrapper\">\n\n\t\t\t\t\t\t<div class=\"elementor-icon-box-icon\">\n\t\t\t\t<span  class=\"elementor-icon\">\n\t\t\t\t<i aria-hidden=\"true\" class=\"fab fa-envira\"><\/i>\t\t\t\t<\/span>\n\t\t\t<\/div>\n\t\t\t\n\t\t\t\t\t\t<div class=\"elementor-icon-box-content\">\n\n\t\t\t\t\t\t\t\t\t<h3 class=\"elementor-icon-box-title\">\n\t\t\t\t\t\t<span  >\n\t\t\t\t\t\t\tContraindications\t\t\t\t\t\t<\/span>\n\t\t\t\t\t<\/h3>\n\t\t\t\t\n\t\t\t\t\t\t\t\t\t<p class=\"elementor-icon-box-description\">\n\t\t\t\t\t\tAmennyiben v\u00e1rand\u00f3s\/szoptat, gy\u00f3gyszert szed vagy \u00e9rz\u00e9keny a term\u00e9k valamelyik \u00f6sszetev\u0151j\u00e9re, k\u00e9rdezze meg kezel\u0151orvos\u00e1t vagy gy\u00f3gyszer\u00e9sz\u00e9t a term\u00e9k szed\u00e9s\u00e9nek megkezd\u00e9se el\u0151tt! Ha a term\u00e9k haszn\u00e1lat\u00e1t k\u00f6vet\u0151en b\u00e1rmilyen mell\u00e9khat\u00e1st tapasztal, felt\u00e9tlen\u00fcl forduljon orvoshoz, \u00e9s azonnal hagyja abba a term\u00e9k szed\u00e9s\u00e9t.\t\t\t\t\t<\/p>\n\t\t\t\t\n\t\t\t<\/div>\n\t\t\t\n\t\t<\/div>\n\t\t\t\t\t\t<\/div>\n\t\t\t\t<\/div>\n\t\t\t\t\t<\/div>\n\t\t<\/div>\n\t\t\t\t\t<\/div>\n\t\t<\/section>\n\t\t\t\t\t<\/div>\n\t\t<\/div>\n\t\t\t\t\t<\/div>\n\t\t<\/section>\n\t\t\t\t<\/div>","protected":false},"excerpt":{"rendered":"<p>A mai rohan\u00f3 \u00e9letritmus mellett a legt\u00f6bben egy kis seg\u00edts\u00e9gre szorulunk, ha pihen\u00e9sr\u0151l van sz\u00f3.\u00a0 A GABA (gamma-aminovajsav) el\u0151seg\u00edti a relax\u00e1ci\u00f3t \u00e9s az eg\u00e9szs\u00e9ges v\u00e1laszreakci\u00f3t a stresszes helyzetekre.<\/p>\n<p>Minden kapszula 250 mg GABA-t \u00e9s 50 mg magn\u00e9zium-glicin\u00e1tot tartalmaz. A magn\u00e9zium fontos szerepet j\u00e1tszik ment\u00e1lis eg\u00e9szs\u00e9g\u00fcnk meg\u0151rz\u00e9s\u00e9ben. A magn\u00e9ziummal ell\u00e1tott Vimergy GABA a Vimergy egyik kedvenc napi \u00e9trend-kieg\u00e9sz\u00edt\u0151je, amely seg\u00edt kezelni a v\u00e1rhat\u00f3 \u00e9s v\u00e1ratlan stresszorokat.<\/p>","protected":false},"featured_media":10286,"template":"","meta":{"_acf_changed":false},"product_brand":[],"product_cat":[16,19],"product_tag":[],"class_list":{"0":"post-10284","1":"product","2":"type-product","3":"status-publish","4":"has-post-thumbnail","6":"product_cat-vimergy","7":"product_cat-kapszulak","9":"first","10":"outofstock","11":"sale","12":"taxable","13":"shipping-taxable","14":"purchasable","15":"product-type-simple"},"acf":[],"_links":{"self":[{"href":"https:\/\/glowhealth.hu\/en\/wp-json\/wp\/v2\/product\/10284","targetHints":{"allow":["GET"]}}],"collection":[{"href":"https:\/\/glowhealth.hu\/en\/wp-json\/wp\/v2\/product"}],"about":[{"href":"https:\/\/glowhealth.hu\/en\/wp-json\/wp\/v2\/types\/product"}],"version-history":[{"count":0,"href":"https:\/\/glowhealth.hu\/en\/wp-json\/wp\/v2\/product\/10284\/revisions"}],"wp:featuredmedia":[{"embeddable":true,"href":"https:\/\/glowhealth.hu\/en\/wp-json\/wp\/v2\/media\/10286"}],"wp:attachment":[{"href":"https:\/\/glowhealth.hu\/en\/wp-json\/wp\/v2\/media?parent=10284"}],"wp:term":[{"taxonomy":"product_brand","embeddable":true,"href":"https:\/\/glowhealth.hu\/en\/wp-json\/wp\/v2\/product_brand?post=10284"},{"taxonomy":"product_cat","embeddable":true,"href":"https:\/\/glowhealth.hu\/en\/wp-json\/wp\/v2\/product_cat?post=10284"},{"taxonomy":"product_tag","embeddable":true,"href":"https:\/\/glowhealth.hu\/en\/wp-json\/wp\/v2\/product_tag?post=10284"}],"curies":[{"name":"wp","href":"https:\/\/api.w.org\/{rel}","templated":true}]}}