{"id":4025,"date":"2021-01-28T20:19:47","date_gmt":"2021-01-28T19:19:47","guid":{"rendered":"https:\/\/glowhealth.hu\/?page_id=4025"},"modified":"2024-10-28T21:15:38","modified_gmt":"2024-10-28T19:15:38","slug":"impressum","status":"publish","type":"page","link":"https:\/\/glowhealth.hu\/en\/impresszum\/","title":{"rendered":"Impressum"},"content":{"rendered":"<p>N\u00e9v: D-NAGY 2003 Kft.<\/p>\n\n\n\n<p>Sz\u00e9khely: 4225 Debrecen, \u00c9szaki sor 29.<\/p>\n\n\n\n<p>K\u00e9pvisel\u0151 neve: Mihalik Gerg\u0151<\/p>\n\n\n\n<p>Ad\u00f3sz\u00e1m: 12983328-2-09<\/p>\n\n\n\n<p>E-mail: <strong><a href=\"mailto:info@glowhealth.hu\">info@glowhealth.hu<\/a><\/strong><\/p>\n\n\n\n<p>Internetes c\u00edme: <strong>glowhealth.hu<\/strong>&nbsp;<\/p>\n\n\n\n<p>Telefonsz\u00e1m: <a href=\"tel:+36203675235\"><\/a>+36 20 777 7744<\/p>\n\n\n\n<p>Banksz\u00e1mlavezet\u0151 bank neve: K&amp;H Bank<\/p>\n\n\n\n<p>Banksz\u00e1mlasz\u00e1m: 10404467-50526688-86681001<\/p>\n\n\n\n<p><strong>T\u00e1rhelyszolg\u00e1ltat\u00f3<\/strong>:<\/p>\n\n\n\n<p>C\u00e9gn\u00e9v: ELIN.hu Informatikai Szolg\u00e1ltat\u00f3 \u00e9s Tan\u00e1csad\u00f3 Kft.<br>Sz\u00e9khely c\u00edm: 9024 Gy\u0151r, D\u00e9ry T. u. 11.<br>Levelez\u00e9si c\u00edm: 9024 Gy\u0151r, D\u00e9ry T. u. 11.<br>C\u00e9gjegyz\u00e9ksz\u00e1m: 08-09-016359<br>Ad\u00f3sz\u00e1m: 14315754-2-08<br>K\u00f6z\u00f6ss\u00e9gi ad\u00f3sz\u00e1m: HU14315754 (ellen\u0151rz\u00e9s)<br>Banksz\u00e1mlasz\u00e1m: 10702019-47499405-51100005 (CIB bank)<\/p>","protected":false},"excerpt":{"rendered":"<p>N\u00e9v: D-NAGY 2003 Kft. Sz\u00e9khely: 4225 Debrecen, \u00c9szaki sor 29. K\u00e9pvisel\u0151 neve: Mihalik Gerg\u0151 Ad\u00f3sz\u00e1m: 12983328-2-09 E-mail: info@glowhealth.hu Internetes c\u00edme: glowhealth.hu&nbsp; Telefonsz\u00e1m: +36 20 777 7744 Banksz\u00e1mlavezet\u0151 bank neve: K&amp;H Bank Banksz\u00e1mlasz\u00e1m: 10404467-50526688-86681001 T\u00e1rhelyszolg\u00e1ltat\u00f3: C\u00e9gn\u00e9v: ELIN.hu Informatikai Szolg\u00e1ltat\u00f3 \u00e9s Tan\u00e1csad\u00f3 Kft.Sz\u00e9khely c\u00edm: 9024 Gy\u0151r, D\u00e9ry T. u. 11.Levelez\u00e9si c\u00edm: 9024 Gy\u0151r, D\u00e9ry T. u. 11.C\u00e9gjegyz\u00e9ksz\u00e1m: [&hellip;]<\/p>\n","protected":false},"author":1,"featured_media":0,"parent":0,"menu_order":0,"comment_status":"closed","ping_status":"closed","template":"","meta":{"_acf_changed":false,"footnotes":""},"class_list":["post-4025","page","type-page","status-publish","hentry"],"blocksy_meta":{"styles_descriptor":{"styles":{"desktop":"","tablet":"","mobile":""},"google_fonts":[],"version":6}},"acf":[],"_links":{"self":[{"href":"https:\/\/glowhealth.hu\/en\/wp-json\/wp\/v2\/pages\/4025","targetHints":{"allow":["GET"]}}],"collection":[{"href":"https:\/\/glowhealth.hu\/en\/wp-json\/wp\/v2\/pages"}],"about":[{"href":"https:\/\/glowhealth.hu\/en\/wp-json\/wp\/v2\/types\/page"}],"author":[{"embeddable":true,"href":"https:\/\/glowhealth.hu\/en\/wp-json\/wp\/v2\/users\/1"}],"replies":[{"embeddable":true,"href":"https:\/\/glowhealth.hu\/en\/wp-json\/wp\/v2\/comments?post=4025"}],"version-history":[{"count":0,"href":"https:\/\/glowhealth.hu\/en\/wp-json\/wp\/v2\/pages\/4025\/revisions"}],"wp:attachment":[{"href":"https:\/\/glowhealth.hu\/en\/wp-json\/wp\/v2\/media?parent=4025"}],"curies":[{"name":"wp","href":"https:\/\/api.w.org\/{rel}","templated":true}]}}