{"id":4019,"date":"2021-01-28T20:15:31","date_gmt":"2021-01-28T19:15:31","guid":{"rendered":"https:\/\/glowhealth.hu\/?page_id=4019"},"modified":"2025-04-09T07:55:35","modified_gmt":"2025-04-09T05:55:35","slug":"pitaya-powder","status":"publish","type":"page","link":"https:\/\/glowhealth.hu\/en\/pitaya-por\/","title":{"rendered":"Payment and Shipping"},"content":{"rendered":"<div data-elementor-type=\"wp-page\" data-elementor-id=\"4019\" class=\"elementor elementor-4019\" data-elementor-post-type=\"page\">\n\t\t\t\t\t\t<section class=\"elementor-section elementor-top-section elementor-element elementor-element-367659c elementor-section-boxed elementor-section-height-default elementor-section-height-default\" data-id=\"367659c\" data-element_type=\"section\" data-e-type=\"section\" data-settings=\"{&quot;background_background&quot;:&quot;classic&quot;}\">\n\t\t\t\t\t\t<div class=\"elementor-container elementor-column-gap-default\">\n\t\t\t\t\t<div class=\"elementor-column elementor-col-100 elementor-top-column elementor-element elementor-element-8d7c773\" data-id=\"8d7c773\" data-element_type=\"column\" data-e-type=\"column\">\n\t\t\t<div class=\"elementor-widget-wrap elementor-element-populated\">\n\t\t\t\t\t\t<div class=\"elementor-element elementor-element-dbb724c elementor-widget elementor-widget-heading\" data-id=\"dbb724c\" data-element_type=\"widget\" data-e-type=\"widget\" data-widget_type=\"heading.default\">\n\t\t\t\t<div class=\"elementor-widget-container\">\n\t\t\t\t\t<h2 class=\"elementor-heading-title elementor-size-default\">Shipping and payment information<\/h2>\t\t\t\t<\/div>\n\t\t\t\t<\/div>\n\t\t\t\t\t<\/div>\n\t\t<\/div>\n\t\t\t\t\t<\/div>\n\t\t<\/section>\n\t\t\t\t<section class=\"elementor-section elementor-top-section elementor-element elementor-element-546195a elementor-section-content-middle elementor-section-boxed elementor-section-height-default elementor-section-height-default\" data-id=\"546195a\" data-element_type=\"section\" data-e-type=\"section\">\n\t\t\t\t\t\t<div class=\"elementor-container elementor-column-gap-default\">\n\t\t\t\t\t<div class=\"elementor-column elementor-col-50 elementor-top-column elementor-element elementor-element-e290afd\" data-id=\"e290afd\" data-element_type=\"column\" data-e-type=\"column\">\n\t\t\t<div class=\"elementor-widget-wrap elementor-element-populated\">\n\t\t\t\t\t\t<div class=\"elementor-element elementor-element-c2ad686 elementor-widget elementor-widget-global elementor-global-13749 elementor-widget-toggle\" data-id=\"c2ad686\" data-element_type=\"widget\" data-e-type=\"widget\" data-widget_type=\"toggle.default\">\n\t\t\t\t<div class=\"elementor-widget-container\">\n\t\t\t\t\t\t\t<div class=\"elementor-toggle\">\n\t\t\t\t\t\t\t<div class=\"elementor-toggle-item\">\n\t\t\t\t\t<div id=\"elementor-tab-title-2041\" class=\"elementor-tab-title\" data-tab=\"1\" role=\"button\" aria-controls=\"elementor-tab-content-2041\" aria-expanded=\"false\">\n\t\t\t\t\t\t\t\t\t\t\t\t<span class=\"elementor-toggle-icon elementor-toggle-icon-left\" aria-hidden=\"true\">\n\t\t\t\t\t\t\t\t\t\t\t\t\t\t\t<span class=\"elementor-toggle-icon-closed\"><svg xmlns=\"http:\/\/www.w3.org\/2000\/svg\" width=\"42\" height=\"42\" viewbox=\"0 0 42 42\" fill=\"none\"><g clip-path=\"url(#clip0)\"><path d=\"M33.2499 5.25H8.74994C6.81694 5.25 5.24994 6.817 5.24994 8.75V33.25C5.24994 35.183 6.81694 36.75 8.74994 36.75H33.2499C35.1829 36.75 36.7499 35.183 36.7499 33.25V8.75C36.7499 6.817 35.1829 5.25 33.2499 5.25Z\" stroke=\"#51A300\" stroke-width=\"2\" stroke-linecap=\"round\" stroke-linejoin=\"round\"><\/path><path d=\"M20.9999 14V28\" stroke=\"#51A300\" stroke-width=\"2\" stroke-linecap=\"round\" stroke-linejoin=\"round\"><\/path><path d=\"M14.0001 21H28.0001\" stroke=\"#51A300\" stroke-width=\"2\" stroke-linecap=\"round\" stroke-linejoin=\"round\"><\/path><\/g><defs><clippath id=\"clip0\"><rect width=\"42\" height=\"42\" fill=\"white\"><\/rect><\/clippath><\/defs><\/svg><\/span>\n\t\t\t\t\t\t\t\t<span class=\"elementor-toggle-icon-opened\"><svg xmlns=\"http:\/\/www.w3.org\/2000\/svg\" width=\"42\" height=\"42\" viewbox=\"0 0 42 42\" fill=\"none\"><g clip-path=\"url(#clip0)\"><path d=\"M33.2499 5.25H8.74994C6.81694 5.25 5.24994 6.817 5.24994 8.75V33.25C5.24994 35.183 6.81694 36.75 8.74994 36.75H33.2499C35.1829 36.75 36.7499 35.183 36.7499 33.25V8.75C36.7499 6.817 35.1829 5.25 33.2499 5.25Z\" stroke=\"#51A300\" stroke-width=\"2\" stroke-linecap=\"round\" stroke-linejoin=\"round\"><\/path><path d=\"M14.0001 21H28.0001\" stroke=\"#51A300\" stroke-width=\"2\" stroke-linecap=\"round\" stroke-linejoin=\"round\"><\/path><\/g><defs><clippath id=\"clip0\"><rect width=\"42\" height=\"42\" fill=\"white\"><\/rect><\/clippath><\/defs><\/svg><\/span>\n\t\t\t\t\t\t\t\t\t\t\t\t\t<\/span>\n\t\t\t\t\t\t\t\t\t\t\t\t<a class=\"elementor-toggle-title\" tabindex=\"0\">GLS fut\u00e1rszolg\u00e1lat h\u00e1zhozsz\u00e1ll\u00edt\u00e1ssal 2000 ft-\u00e9rt<\/a>\n\t\t\t\t\t<\/div>\n\n\t\t\t\t\t<div id=\"elementor-tab-content-2041\" class=\"elementor-tab-content elementor-clearfix\" data-tab=\"1\" role=\"region\" aria-labelledby=\"elementor-tab-title-2041\"><p>A sz\u00e1ll\u00edt\u00e1s maximum 2-3 munkanapot vesz ig\u00e9nybe.<\/p>\n<p><iframe style=\"display: none;\"><\/iframe><\/p>\n<p><iframe style=\"display: none;\"><\/iframe><\/p>\n<p><iframe style=\"display: none;\"><\/iframe><\/p>\n<p><iframe style=\"display: none;\"><\/iframe><\/p>\n<p><iframe style=\"display: none;\"><\/iframe><\/p><\/div>\n\t\t\t\t<\/div>\n\t\t\t\t\t\t\t<div class=\"elementor-toggle-item\">\n\t\t\t\t\t<div id=\"elementor-tab-title-2042\" class=\"elementor-tab-title\" data-tab=\"2\" role=\"button\" aria-controls=\"elementor-tab-content-2042\" aria-expanded=\"false\">\n\t\t\t\t\t\t\t\t\t\t\t\t<span class=\"elementor-toggle-icon elementor-toggle-icon-left\" aria-hidden=\"true\">\n\t\t\t\t\t\t\t\t\t\t\t\t\t\t\t<span class=\"elementor-toggle-icon-closed\"><svg xmlns=\"http:\/\/www.w3.org\/2000\/svg\" width=\"42\" height=\"42\" viewbox=\"0 0 42 42\" fill=\"none\"><g clip-path=\"url(#clip0)\"><path d=\"M33.2499 5.25H8.74994C6.81694 5.25 5.24994 6.817 5.24994 8.75V33.25C5.24994 35.183 6.81694 36.75 8.74994 36.75H33.2499C35.1829 36.75 36.7499 35.183 36.7499 33.25V8.75C36.7499 6.817 35.1829 5.25 33.2499 5.25Z\" stroke=\"#51A300\" stroke-width=\"2\" stroke-linecap=\"round\" stroke-linejoin=\"round\"><\/path><path d=\"M20.9999 14V28\" stroke=\"#51A300\" stroke-width=\"2\" stroke-linecap=\"round\" stroke-linejoin=\"round\"><\/path><path d=\"M14.0001 21H28.0001\" stroke=\"#51A300\" stroke-width=\"2\" stroke-linecap=\"round\" stroke-linejoin=\"round\"><\/path><\/g><defs><clippath id=\"clip0\"><rect width=\"42\" height=\"42\" fill=\"white\"><\/rect><\/clippath><\/defs><\/svg><\/span>\n\t\t\t\t\t\t\t\t<span class=\"elementor-toggle-icon-opened\"><svg xmlns=\"http:\/\/www.w3.org\/2000\/svg\" width=\"42\" height=\"42\" viewbox=\"0 0 42 42\" fill=\"none\"><g clip-path=\"url(#clip0)\"><path d=\"M33.2499 5.25H8.74994C6.81694 5.25 5.24994 6.817 5.24994 8.75V33.25C5.24994 35.183 6.81694 36.75 8.74994 36.75H33.2499C35.1829 36.75 36.7499 35.183 36.7499 33.25V8.75C36.7499 6.817 35.1829 5.25 33.2499 5.25Z\" stroke=\"#51A300\" stroke-width=\"2\" stroke-linecap=\"round\" stroke-linejoin=\"round\"><\/path><path d=\"M14.0001 21H28.0001\" stroke=\"#51A300\" stroke-width=\"2\" stroke-linecap=\"round\" stroke-linejoin=\"round\"><\/path><\/g><defs><clippath id=\"clip0\"><rect width=\"42\" height=\"42\" fill=\"white\"><\/rect><\/clippath><\/defs><\/svg><\/span>\n\t\t\t\t\t\t\t\t\t\t\t\t\t<\/span>\n\t\t\t\t\t\t\t\t\t\t\t\t<a class=\"elementor-toggle-title\" tabindex=\"0\">Cash on delivery - by credit card and cash payment at the courier<\/a>\n\t\t\t\t\t<\/div>\n\n\t\t\t\t\t<div id=\"elementor-tab-content-2042\" class=\"elementor-tab-content elementor-clearfix\" data-tab=\"2\" role=\"region\" aria-labelledby=\"elementor-tab-title-2042\"><p>In case of cash on delivery, you can also pay the order amount to the courier by credit card and cash when you receive the package.<\/p><p>Az ut\u00e1nv\u00e9t kezel\u00e9si d\u00edja plusz 700 Ft, ami hozz\u00e1ad\u00f3dik akkor is, ha 55.000 Ft felett v\u00e1s\u00e1rolsz.<\/p><p><iframe style=\"display: none;\"><\/iframe><\/p><p><iframe style=\"display: none;\"><\/iframe><\/p><p><iframe style=\"display: none;\"><\/iframe><\/p><\/div>\n\t\t\t\t<\/div>\n\t\t\t\t\t\t\t<div class=\"elementor-toggle-item\">\n\t\t\t\t\t<div id=\"elementor-tab-title-2043\" class=\"elementor-tab-title\" data-tab=\"3\" role=\"button\" aria-controls=\"elementor-tab-content-2043\" aria-expanded=\"false\">\n\t\t\t\t\t\t\t\t\t\t\t\t<span class=\"elementor-toggle-icon elementor-toggle-icon-left\" aria-hidden=\"true\">\n\t\t\t\t\t\t\t\t\t\t\t\t\t\t\t<span class=\"elementor-toggle-icon-closed\"><svg xmlns=\"http:\/\/www.w3.org\/2000\/svg\" width=\"42\" height=\"42\" viewbox=\"0 0 42 42\" fill=\"none\"><g clip-path=\"url(#clip0)\"><path d=\"M33.2499 5.25H8.74994C6.81694 5.25 5.24994 6.817 5.24994 8.75V33.25C5.24994 35.183 6.81694 36.75 8.74994 36.75H33.2499C35.1829 36.75 36.7499 35.183 36.7499 33.25V8.75C36.7499 6.817 35.1829 5.25 33.2499 5.25Z\" stroke=\"#51A300\" stroke-width=\"2\" stroke-linecap=\"round\" stroke-linejoin=\"round\"><\/path><path d=\"M20.9999 14V28\" stroke=\"#51A300\" stroke-width=\"2\" stroke-linecap=\"round\" stroke-linejoin=\"round\"><\/path><path d=\"M14.0001 21H28.0001\" stroke=\"#51A300\" stroke-width=\"2\" stroke-linecap=\"round\" stroke-linejoin=\"round\"><\/path><\/g><defs><clippath id=\"clip0\"><rect width=\"42\" height=\"42\" fill=\"white\"><\/rect><\/clippath><\/defs><\/svg><\/span>\n\t\t\t\t\t\t\t\t<span class=\"elementor-toggle-icon-opened\"><svg xmlns=\"http:\/\/www.w3.org\/2000\/svg\" width=\"42\" height=\"42\" viewbox=\"0 0 42 42\" fill=\"none\"><g clip-path=\"url(#clip0)\"><path d=\"M33.2499 5.25H8.74994C6.81694 5.25 5.24994 6.817 5.24994 8.75V33.25C5.24994 35.183 6.81694 36.75 8.74994 36.75H33.2499C35.1829 36.75 36.7499 35.183 36.7499 33.25V8.75C36.7499 6.817 35.1829 5.25 33.2499 5.25Z\" stroke=\"#51A300\" stroke-width=\"2\" stroke-linecap=\"round\" stroke-linejoin=\"round\"><\/path><path d=\"M14.0001 21H28.0001\" stroke=\"#51A300\" stroke-width=\"2\" stroke-linecap=\"round\" stroke-linejoin=\"round\"><\/path><\/g><defs><clippath id=\"clip0\"><rect width=\"42\" height=\"42\" fill=\"white\"><\/rect><\/clippath><\/defs><\/svg><\/span>\n\t\t\t\t\t\t\t\t\t\t\t\t\t<\/span>\n\t\t\t\t\t\t\t\t\t\t\t\t<a class=\"elementor-toggle-title\" tabindex=\"0\">\u00c1tutal\u00e1sos fizet\u00e9si lehet\u0151s\u00e9g<\/a>\n\t\t\t\t\t<\/div>\n\n\t\t\t\t\t<div id=\"elementor-tab-content-2043\" class=\"elementor-tab-content elementor-clearfix\" data-tab=\"3\" role=\"region\" aria-labelledby=\"elementor-tab-title-2043\"><p>Rendel\u00e9sedet kifizetheted k\u00f6zvetlen banki \u00e1tutal\u00e1ssal is, ak\u00e1r szem\u00e9lyes \u00e1tv\u00e9tel eset\u00e9n is.<\/p><p><iframe style=\"display: none;\"><\/iframe><\/p><p><iframe style=\"display: none;\"><\/iframe><\/p><p><iframe style=\"display: none;\"><\/iframe><\/p><\/div>\n\t\t\t\t<\/div>\n\t\t\t\t\t\t\t\t<\/div>\n\t\t\t\t\t\t<\/div>\n\t\t\t\t<\/div>\n\t\t\t\t\t<\/div>\n\t\t<\/div>\n\t\t\t\t<div class=\"elementor-column elementor-col-50 elementor-top-column elementor-element elementor-element-9534b52\" data-id=\"9534b52\" data-element_type=\"column\" data-e-type=\"column\">\n\t\t\t<div class=\"elementor-widget-wrap elementor-element-populated\">\n\t\t\t\t\t\t<div class=\"elementor-element elementor-element-76be6e0 elementor-widget elementor-widget-image\" data-id=\"76be6e0\" data-element_type=\"widget\" data-e-type=\"widget\" data-widget_type=\"image.default\">\n\t\t\t\t<div class=\"elementor-widget-container\">\n\t\t\t\t\t\t\t\t\t\t\t\t\t\t\t<img fetchpriority=\"high\" decoding=\"async\" width=\"394\" height=\"742\" src=\"https:\/\/glowhealth.hu\/wp-content\/uploads\/2021\/01\/Group-37-1.png\" class=\"attachment-large size-large wp-image-4125\" alt=\"\" srcset=\"https:\/\/glowhealth.hu\/wp-content\/uploads\/2021\/01\/Group-37-1.png 394w, https:\/\/glowhealth.hu\/wp-content\/uploads\/2021\/01\/Group-37-1-300x565.png 300w\" sizes=\"(max-width: 394px) 100vw, 394px\" \/>\t\t\t\t\t\t\t\t\t\t\t\t\t\t\t<\/div>\n\t\t\t\t<\/div>\n\t\t\t\t\t<\/div>\n\t\t<\/div>\n\t\t\t\t\t<\/div>\n\t\t<\/section>\n\t\t\t\t<\/div>","protected":false},"excerpt":{"rendered":"<p>Sz\u00e1ll\u00edt\u00e1si \u00e9s fizet\u00e9si inform\u00e1ci\u00f3k GLS fut\u00e1rszolg\u00e1lat h\u00e1zhozsz\u00e1ll\u00edt\u00e1ssal 2000 ft-\u00e9rt A sz\u00e1ll\u00edt\u00e1s maximum 2-3 munkanapot vesz ig\u00e9nybe. Ut\u00e1nv\u00e9t &#8211; Bankk\u00e1rty\u00e1s \u00e9s k\u00e9szp\u00e9nzes fizet\u00e9ssel a fut\u00e1rn\u00e1l Ut\u00e1nv\u00e9t eset\u00e9n a megrendel\u00e9s \u00f6sszeg\u00e9t a fut\u00e1rnak, bankk\u00e1rty\u00e1val \u00e9s k\u00e9szp\u00e9nzzel is kifizetheted, mikor \u00e1tveszed a csomagot. Az ut\u00e1nv\u00e9t kezel\u00e9si d\u00edja plusz 700 Ft, ami hozz\u00e1ad\u00f3dik akkor is, ha 55.000 Ft felett [&hellip;]<\/p>\n","protected":false},"author":1,"featured_media":0,"parent":0,"menu_order":0,"comment_status":"closed","ping_status":"closed","template":"elementor_header_footer","meta":{"_acf_changed":false,"footnotes":""},"class_list":["post-4019","page","type-page","status-publish","hentry"],"blocksy_meta":{"styles_descriptor":{"styles":{"desktop":"","tablet":"","mobile":""},"google_fonts":[],"version":6}},"acf":[],"_links":{"self":[{"href":"https:\/\/glowhealth.hu\/en\/wp-json\/wp\/v2\/pages\/4019","targetHints":{"allow":["GET"]}}],"collection":[{"href":"https:\/\/glowhealth.hu\/en\/wp-json\/wp\/v2\/pages"}],"about":[{"href":"https:\/\/glowhealth.hu\/en\/wp-json\/wp\/v2\/types\/page"}],"author":[{"embeddable":true,"href":"https:\/\/glowhealth.hu\/en\/wp-json\/wp\/v2\/users\/1"}],"replies":[{"embeddable":true,"href":"https:\/\/glowhealth.hu\/en\/wp-json\/wp\/v2\/comments?post=4019"}],"version-history":[{"count":0,"href":"https:\/\/glowhealth.hu\/en\/wp-json\/wp\/v2\/pages\/4019\/revisions"}],"wp:attachment":[{"href":"https:\/\/glowhealth.hu\/en\/wp-json\/wp\/v2\/media?parent=4019"}],"curies":[{"name":"wp","href":"https:\/\/api.w.org\/{rel}","templated":true}]}}